{"id":16671,"date":"2022-06-07T21:46:57","date_gmt":"2022-06-08T02:46:57","guid":{"rendered":"https:\/\/somosclear.com\/calculadora-de-ingresos\/"},"modified":"2023-02-01T12:02:45","modified_gmt":"2023-02-01T18:02:45","slug":"calculadora-de-ingresos","status":"publish","type":"page","link":"https:\/\/somosclear.com\/bo\/calculadora-de-ingresos\/","title":{"rendered":"Calculadora de ingresos"},"content":{"rendered":"\t\t<div data-elementor-type=\"wp-page\" data-elementor-id=\"16671\" class=\"elementor elementor-16671 elementor-9599\" data-elementor-post-type=\"page\">\n\t\t\t\t\t\t<section class=\"elementor-section elementor-top-section elementor-element elementor-element-3b4b8ba4 elementor-section-full_width elementor-section-height-default elementor-section-height-default\" data-id=\"3b4b8ba4\" data-element_type=\"section\">\n\t\t\t\t\t\t<div class=\"elementor-container elementor-column-gap-default\">\n\t\t\t\t\t<div class=\"elementor-column elementor-col-100 elementor-top-column elementor-element elementor-element-28c758f\" data-id=\"28c758f\" data-element_type=\"column\">\n\t\t\t<div class=\"elementor-widget-wrap elementor-element-populated\">\n\t\t\t\t\t\t<div class=\"elementor-element elementor-element-843c8af elementor-widget elementor-widget-heading\" data-id=\"843c8af\" data-element_type=\"widget\" data-widget_type=\"heading.default\">\n\t\t\t\t<div class=\"elementor-widget-container\">\n\t\t\t\t\t<h1 class=\"elementor-heading-title elementor-size-xxl\">Calculadora de ingresos<\/h1>\t\t\t\t<\/div>\n\t\t\t\t<\/div>\n\t\t\t\t<div class=\"elementor-element elementor-element-5dab0016 elementor-widget elementor-widget-heading\" data-id=\"5dab0016\" data-element_type=\"widget\" data-widget_type=\"heading.default\">\n\t\t\t\t<div class=\"elementor-widget-container\">\n\t\t\t\t\t<p class=\"elementor-heading-title elementor-size-default\">Obt\u00e9n un estimado de cu\u00e1nto podr\u00edan aumentar las ventas en tu negocio con Clear. Solo necesitamos algunos datos:<\/p>\t\t\t\t<\/div>\n\t\t\t\t<\/div>\n\t\t\t\t<div class=\"elementor-element elementor-element-73aee55 elementor-hidden-phone elementor-widget elementor-widget-spacer\" data-id=\"73aee55\" data-element_type=\"widget\" data-widget_type=\"spacer.default\">\n\t\t\t\t<div class=\"elementor-widget-container\">\n\t\t\t\t\t\t\t<div class=\"elementor-spacer\">\n\t\t\t<div class=\"elementor-spacer-inner\"><\/div>\n\t\t<\/div>\n\t\t\t\t\t\t<\/div>\n\t\t\t\t<\/div>\n\t\t\t\t\t<\/div>\n\t\t<\/div>\n\t\t\t\t\t<\/div>\n\t\t<\/section>\n\t\t\t\t<section class=\"elementor-section elementor-top-section elementor-element elementor-element-7675347b elementor-reverse-mobile elementor-reverse-tablet elementor-section-boxed elementor-section-height-default elementor-section-height-default\" data-id=\"7675347b\" data-element_type=\"section\">\n\t\t\t\t\t\t<div class=\"elementor-container elementor-column-gap-default\">\n\t\t\t\t\t<div class=\"elementor-column elementor-col-50 elementor-top-column elementor-element elementor-element-5fce3a78\" data-id=\"5fce3a78\" data-element_type=\"column\">\n\t\t\t<div class=\"elementor-widget-wrap elementor-element-populated\">\n\t\t\t\t\t\t<div class=\"elementor-element elementor-element-453ab18 eael-gravity-form-button-full-width elementor-widget elementor-widget-eael-gravity-form\" data-id=\"453ab18\" data-element_type=\"widget\" data-widget_type=\"eael-gravity-form.default\">\n\t\t\t\t<div class=\"elementor-widget-container\">\n\t\t\t\t\t\t\t\t<div class=\"eael-contact-form eael-gravity-form eael-contact-form-align-center\">\n\t\t        \t\t\t<\/div>\n            \t\t\t\t<\/div>\n\t\t\t\t<\/div>\n\t\t\t\t\t<\/div>\n\t\t<\/div>\n\t\t\t\t<div class=\"elementor-column elementor-col-50 elementor-top-column elementor-element elementor-element-2f0dffbe\" data-id=\"2f0dffbe\" data-element_type=\"column\">\n\t\t\t<div class=\"elementor-widget-wrap elementor-element-populated\">\n\t\t\t\t\t\t<div class=\"elementor-element elementor-element-38958d8 elementor-widget elementor-widget-spacer\" data-id=\"38958d8\" data-element_type=\"widget\" data-widget_type=\"spacer.default\">\n\t\t\t\t<div class=\"elementor-widget-container\">\n\t\t\t\t\t\t\t<div class=\"elementor-spacer\">\n\t\t\t<div class=\"elementor-spacer-inner\"><\/div>\n\t\t<\/div>\n\t\t\t\t\t\t<\/div>\n\t\t\t\t<\/div>\n\t\t\t\t<div class=\"elementor-element elementor-element-485b8eab elementor-hidden-tablet elementor-hidden-phone elementor-widget elementor-widget-image\" data-id=\"485b8eab\" data-element_type=\"widget\" data-widget_type=\"image.default\">\n\t\t\t\t<div class=\"elementor-widget-container\">\n\t\t\t\t\t\t\t\t\t\t\t\t\t\t\t<img fetchpriority=\"high\" decoding=\"async\" width=\"768\" height=\"432\" src=\"https:\/\/somosclear.com\/wp-content\/uploads\/2022\/06\/Ingresos-Clear-768x432.png\" class=\"attachment-medium_large size-medium_large wp-image-10269\" alt=\"\" srcset=\"https:\/\/somosclear.com\/wp-content\/uploads\/2022\/06\/Ingresos-Clear-768x432.png 768w, https:\/\/somosclear.com\/wp-content\/uploads\/2022\/06\/Ingresos-Clear-300x169.png 300w, https:\/\/somosclear.com\/wp-content\/uploads\/2022\/06\/Ingresos-Clear-1024x576.png 1024w, https:\/\/somosclear.com\/wp-content\/uploads\/2022\/06\/Ingresos-Clear-1536x864.png 1536w, https:\/\/somosclear.com\/wp-content\/uploads\/2022\/06\/Ingresos-Clear.png 1920w\" sizes=\"(max-width: 768px) 100vw, 768px\" \/>\t\t\t\t\t\t\t\t\t\t\t\t\t\t\t<\/div>\n\t\t\t\t<\/div>\n\t\t\t\t\t<\/div>\n\t\t<\/div>\n\t\t\t\t\t<\/div>\n\t\t<\/section>\n\t\t\t\t<section class=\"elementor-section elementor-top-section elementor-element elementor-element-47c02f7 elementor-section-boxed elementor-section-height-default elementor-section-height-default\" data-id=\"47c02f7\" data-element_type=\"section\">\n\t\t\t\t\t\t<div class=\"elementor-container elementor-column-gap-default\">\n\t\t\t\t\t<div class=\"elementor-column elementor-col-100 elementor-top-column elementor-element elementor-element-1ed1ba1\" data-id=\"1ed1ba1\" data-element_type=\"column\">\n\t\t\t<div class=\"elementor-widget-wrap elementor-element-populated\">\n\t\t\t\t\t\t<div class=\"elementor-element elementor-element-2b95822 elementor-widget elementor-widget-spacer\" data-id=\"2b95822\" data-element_type=\"widget\" data-widget_type=\"spacer.default\">\n\t\t\t\t<div class=\"elementor-widget-container\">\n\t\t\t\t\t\t\t<div class=\"elementor-spacer\">\n\t\t\t<div class=\"elementor-spacer-inner\"><\/div>\n\t\t<\/div>\n\t\t\t\t\t\t<\/div>\n\t\t\t\t<\/div>\n\t\t\t\t\t<\/div>\n\t\t<\/div>\n\t\t\t\t\t<\/div>\n\t\t<\/section>\n\t\t\t\t<\/div>\n\t\t","protected":false},"excerpt":{"rendered":"<p>Calculadora de ingresos Obt\u00e9n un estimado de cu\u00e1nto podr\u00edan aumentar las ventas en tu negocio con Clear. Solo necesitamos algunos datos: \u00bfCu\u00e1ntas citas tienes por semana?*Ticket promedio (servicio m\u00e1s com\u00fan)*Clientes que no asisten a sus citas por semana*Divisa*Seleccione la divisa para el c\u00e1lculoPeso argentinoD\u00f3lar belice\u00f1oBolivianoReal brasile\u00f1oD\u00f3lar canadiensePeso chilenoPeso colombianoCol\u00f3n costarricensePeso cubanoD\u00f3lar estadounidenseQuetzalGourdeLempiraPeso mexicanoC\u00f3rdobaBalboaGuaran\u00edSolPeso dominicanoPeso uruguayoBol\u00edvarHiddenCitas [&hellip;]<\/p>\n","protected":false},"author":2,"featured_media":0,"parent":0,"menu_order":0,"comment_status":"closed","ping_status":"closed","template":"","meta":{"_acf_changed":false,"_monsterinsights_skip_tracking":false,"_monsterinsights_sitenote_active":false,"_monsterinsights_sitenote_note":"","_monsterinsights_sitenote_category":0,"footnotes":""},"class_list":["post-16671","page","type-page","status-publish","hentry"],"acf":[],"aioseo_notices":[],"_links":{"self":[{"href":"https:\/\/somosclear.com\/bo\/wp-json\/wp\/v2\/pages\/16671","targetHints":{"allow":["GET"]}}],"collection":[{"href":"https:\/\/somosclear.com\/bo\/wp-json\/wp\/v2\/pages"}],"about":[{"href":"https:\/\/somosclear.com\/bo\/wp-json\/wp\/v2\/types\/page"}],"author":[{"embeddable":true,"href":"https:\/\/somosclear.com\/bo\/wp-json\/wp\/v2\/users\/2"}],"replies":[{"embeddable":true,"href":"https:\/\/somosclear.com\/bo\/wp-json\/wp\/v2\/comments?post=16671"}],"version-history":[{"count":0,"href":"https:\/\/somosclear.com\/bo\/wp-json\/wp\/v2\/pages\/16671\/revisions"}],"wp:attachment":[{"href":"https:\/\/somosclear.com\/bo\/wp-json\/wp\/v2\/media?parent=16671"}],"curies":[{"name":"wp","href":"https:\/\/api.w.org\/{rel}","templated":true}]}}