{"id":10369,"date":"2022-05-16T11:47:02","date_gmt":"2022-05-16T16:47:02","guid":{"rendered":"https:\/\/somosclear.com\/sitio-de-noticias\/"},"modified":"2023-02-01T12:04:17","modified_gmt":"2023-02-01T18:04:17","slug":"sitio-de-noticias","status":"publish","type":"page","link":"https:\/\/somosclear.com\/cr\/sitio-de-noticias\/","title":{"rendered":"Novedades de los \u00faltimos 6 meses en Clear"},"content":{"rendered":"\t\t<div data-elementor-type=\"wp-page\" data-elementor-id=\"10369\" class=\"elementor elementor-10369 elementor-8362\" data-elementor-post-type=\"page\">\n\t\t\t\t\t\t<section class=\"elementor-section elementor-top-section elementor-element elementor-element-185f148b elementor-section-full_width elementor-section-height-default elementor-section-height-default\" data-id=\"185f148b\" data-element_type=\"section\" data-settings=\"{&quot;background_background&quot;:&quot;classic&quot;}\">\n\t\t\t\t\t\t<div class=\"elementor-container elementor-column-gap-default\">\n\t\t\t\t\t<div class=\"elementor-column elementor-col-100 elementor-top-column elementor-element elementor-element-29ea28fa\" data-id=\"29ea28fa\" data-element_type=\"column\">\n\t\t\t<div class=\"elementor-widget-wrap elementor-element-populated\">\n\t\t\t\t\t\t<div class=\"elementor-element elementor-element-674e8e60 elementor-widget elementor-widget-image\" data-id=\"674e8e60\" data-element_type=\"widget\" data-widget_type=\"image.default\">\n\t\t\t\t<div class=\"elementor-widget-container\">\n\t\t\t\t\t\t\t\t\t\t\t\t\t\t\t<img fetchpriority=\"high\" decoding=\"async\" width=\"7076\" height=\"2326\" src=\"https:\/\/somosclear.com\/wp-content\/uploads\/2021\/07\/Grupo-5073@3x.png\" class=\"attachment-full size-full wp-image-5392\" alt=\"\" srcset=\"https:\/\/somosclear.com\/wp-content\/uploads\/2021\/07\/Grupo-5073@3x.png 7076w, https:\/\/somosclear.com\/wp-content\/uploads\/2021\/07\/Grupo-5073@3x-300x99.png 300w, https:\/\/somosclear.com\/wp-content\/uploads\/2021\/07\/Grupo-5073@3x-1024x337.png 1024w, https:\/\/somosclear.com\/wp-content\/uploads\/2021\/07\/Grupo-5073@3x-768x252.png 768w, https:\/\/somosclear.com\/wp-content\/uploads\/2021\/07\/Grupo-5073@3x-1536x505.png 1536w, https:\/\/somosclear.com\/wp-content\/uploads\/2021\/07\/Grupo-5073@3x-2048x673.png 2048w\" sizes=\"(max-width: 7076px) 100vw, 7076px\" \/>\t\t\t\t\t\t\t\t\t\t\t\t\t\t\t<\/div>\n\t\t\t\t<\/div>\n\t\t\t\t<section class=\"elementor-section elementor-inner-section elementor-element elementor-element-6758a85 elementor-section-boxed elementor-section-height-default elementor-section-height-default\" data-id=\"6758a85\" data-element_type=\"section\">\n\t\t\t\t\t\t<div class=\"elementor-container elementor-column-gap-default\">\n\t\t\t\t\t<div class=\"elementor-column elementor-col-100 elementor-inner-column elementor-element elementor-element-3b404582\" data-id=\"3b404582\" data-element_type=\"column\">\n\t\t\t<div class=\"elementor-widget-wrap elementor-element-populated\">\n\t\t\t\t\t\t<div class=\"elementor-element elementor-element-797adfec elementor-widget elementor-widget-heading\" data-id=\"797adfec\" data-element_type=\"widget\" data-widget_type=\"heading.default\">\n\t\t\t\t<div class=\"elementor-widget-container\">\n\t\t\t\t\t<h1 class=\"elementor-heading-title elementor-size-default\">Novedades de Clear de los \u00faltimos 6 meses<\/h1>\t\t\t\t<\/div>\n\t\t\t\t<\/div>\n\t\t\t\t<div class=\"elementor-element elementor-element-d0b9a24 elementor-widget elementor-widget-spacer\" data-id=\"d0b9a24\" data-element_type=\"widget\" data-widget_type=\"spacer.default\">\n\t\t\t\t<div class=\"elementor-widget-container\">\n\t\t\t\t\t\t\t<div class=\"elementor-spacer\">\n\t\t\t<div class=\"elementor-spacer-inner\"><\/div>\n\t\t<\/div>\n\t\t\t\t\t\t<\/div>\n\t\t\t\t<\/div>\n\t\t\t\t\t<\/div>\n\t\t<\/div>\n\t\t\t\t\t<\/div>\n\t\t<\/section>\n\t\t\t\t\t<\/div>\n\t\t<\/div>\n\t\t\t\t\t<\/div>\n\t\t<\/section>\n\t\t\t\t<section class=\"elementor-section elementor-top-section elementor-element elementor-element-03a3b3c elementor-reverse-mobile elementor-section-boxed elementor-section-height-default elementor-section-height-default\" data-id=\"03a3b3c\" data-element_type=\"section\">\n\t\t\t\t\t\t<div class=\"elementor-container elementor-column-gap-custom\">\n\t\t\t\t\t<div class=\"elementor-column elementor-col-66 elementor-top-column elementor-element elementor-element-a95b52d\" data-id=\"a95b52d\" data-element_type=\"column\">\n\t\t\t<div class=\"elementor-widget-wrap elementor-element-populated\">\n\t\t\t\t\t\t<div class=\"elementor-element elementor-element-40fe58d elementor-posts--thumbnail-none elementor-grid-1 elementor-grid-tablet-1 elementor-posts--align-left elementor-grid-mobile-1 elementor-posts__hover-gradient elementor-widget elementor-widget-posts\" data-id=\"40fe58d\" data-element_type=\"widget\" data-settings=\"{&quot;cards_row_gap&quot;:{&quot;unit&quot;:&quot;px&quot;,&quot;size&quot;:0,&quot;sizes&quot;:[]},&quot;pagination_type&quot;:&quot;numbers&quot;,&quot;cards_columns&quot;:&quot;1&quot;,&quot;cards_columns_tablet&quot;:&quot;1&quot;,&quot;cards_columns_mobile&quot;:&quot;1&quot;,&quot;cards_row_gap_laptop&quot;:{&quot;unit&quot;:&quot;px&quot;,&quot;size&quot;:&quot;&quot;,&quot;sizes&quot;:[]},&quot;cards_row_gap_tablet&quot;:{&quot;unit&quot;:&quot;px&quot;,&quot;size&quot;:&quot;&quot;,&quot;sizes&quot;:[]},&quot;cards_row_gap_mobile&quot;:{&quot;unit&quot;:&quot;px&quot;,&quot;size&quot;:&quot;&quot;,&quot;sizes&quot;:[]}}\" data-widget_type=\"posts.cards\">\n\t\t\t\t<div class=\"elementor-widget-container\">\n\t\t\t\t\t\t\t<div class=\"elementor-posts-container elementor-posts elementor-posts--skin-cards elementor-grid\" role=\"list\">\n\t\t\t\t<article class=\"elementor-post elementor-grid-item post-16378 post type-post status-publish format-standard has-post-thumbnail hentry category-marketing-cr\" role=\"listitem\">\n\t\t\t<div class=\"elementor-post__card\">\n\t\t\t\t<div class=\"elementor-post__text\">\n\t\t\t\t<h3 class=\"elementor-post__title\">\n\t\t\t<a href=\"https:\/\/somosclear.com\/cr\/como-mejorar-la-rentabilidad-de-tu-negocio-con-recordatorios-antes-de-la-cita\/\" >\n\t\t\t\t\u00bfC\u00f3mo mejorar la rentabilidad de tu negocio con recordatorios antes de la cita?\t\t\t<\/a>\n\t\t<\/h3>\n\t\t\t\t<div class=\"elementor-post__excerpt\">\n\t\t\t<p>Una forma de incrementar la rentabilidad de tu negocio, es incrementar la asistencia a las citas que hacen tus clientes.\u00a0Mira un ejemplo del costo de<\/p>\n\t\t<\/div>\n\t\t\n\t\t<a class=\"elementor-post__read-more\" href=\"https:\/\/somosclear.com\/cr\/como-mejorar-la-rentabilidad-de-tu-negocio-con-recordatorios-antes-de-la-cita\/\" aria-label=\"Read more about \u00bfC\u00f3mo mejorar la rentabilidad de tu negocio con recordatorios antes de la cita?\" tabindex=\"-1\" >\n\t\t\tLeer m\u00e1s\t\t<\/a>\n\n\t\t\t\t<\/div>\n\t\t\t\t\t<\/div>\n\t\t<\/article>\n\t\t\t\t<article class=\"elementor-post elementor-grid-item post-16396 post type-post status-publish format-standard has-post-thumbnail hentry category-marketing-cr\" role=\"listitem\">\n\t\t\t<div class=\"elementor-post__card\">\n\t\t\t\t<div class=\"elementor-post__text\">\n\t\t\t\t<h3 class=\"elementor-post__title\">\n\t\t\t<a href=\"https:\/\/somosclear.com\/cr\/como-mejorar-la-gestion-de-tu-negocio-con-una-agenda-digital\/\" >\n\t\t\t\t\u00bfC\u00f3mo mejorar la gesti\u00f3n de tu negocio con una agenda digital?\t\t\t<\/a>\n\t\t<\/h3>\n\t\t\t\t<div class=\"elementor-post__excerpt\">\n\t\t\t<p>En este post ver\u00e1s dos formas de organizar visualmente las citas que tu negocio atiende, mantener a tu equipo informado y tomar mejores decisiones, ya<\/p>\n\t\t<\/div>\n\t\t\n\t\t<a class=\"elementor-post__read-more\" href=\"https:\/\/somosclear.com\/cr\/como-mejorar-la-gestion-de-tu-negocio-con-una-agenda-digital\/\" aria-label=\"Read more about \u00bfC\u00f3mo mejorar la gesti\u00f3n de tu negocio con una agenda digital?\" tabindex=\"-1\" >\n\t\t\tLeer m\u00e1s\t\t<\/a>\n\n\t\t\t\t<\/div>\n\t\t\t\t\t<\/div>\n\t\t<\/article>\n\t\t\t\t<article class=\"elementor-post elementor-grid-item post-16414 post type-post status-publish format-standard has-post-thumbnail hentry category-marketing-cr\" role=\"listitem\">\n\t\t\t<div class=\"elementor-post__card\">\n\t\t\t\t<div class=\"elementor-post__text\">\n\t\t\t\t<h3 class=\"elementor-post__title\">\n\t\t\t<a href=\"https:\/\/somosclear.com\/cr\/como-hacer-envios-masivos-de-whatsapp-a-tus-clientes\/\" >\n\t\t\t\t\u00bfC\u00f3mo realizar env\u00edos masivos de WhatsApp a tus clientes?\t\t\t<\/a>\n\t\t<\/h3>\n\t\t\t\t<div class=\"elementor-post__excerpt\">\n\t\t\t<p>Con el env\u00edo de mensajes masivos por WhatsApp, los negocios pueden incrementar hasta 70% sus citas en un solo mes.\u00a0Tambi\u00e9n son muy \u00fatiles para comunicar\u00a0nuevos<\/p>\n\t\t<\/div>\n\t\t\n\t\t<a class=\"elementor-post__read-more\" href=\"https:\/\/somosclear.com\/cr\/como-hacer-envios-masivos-de-whatsapp-a-tus-clientes\/\" aria-label=\"Read more about \u00bfC\u00f3mo realizar env\u00edos masivos de WhatsApp a tus clientes?\" tabindex=\"-1\" >\n\t\t\tLeer m\u00e1s\t\t<\/a>\n\n\t\t\t\t<\/div>\n\t\t\t\t\t<\/div>\n\t\t<\/article>\n\t\t\t\t<article class=\"elementor-post elementor-grid-item post-16519 post type-post status-publish format-standard has-post-thumbnail hentry category-novedades-cr\" role=\"listitem\">\n\t\t\t<div class=\"elementor-post__card\">\n\t\t\t\t<div class=\"elementor-post__text\">\n\t\t\t\t<h3 class=\"elementor-post__title\">\n\t\t\t<a href=\"https:\/\/somosclear.com\/cr\/whatsapps-de-seguimiento-a-citas\/\" >\n\t\t\t\tNueva funcionalidad: Env\u00eda WhatsApps automatizados de seguimiento a citas\t\t\t<\/a>\n\t\t<\/h3>\n\t\t\t\t<div class=\"elementor-post__excerpt\">\n\t\t\t<p>Esta funcionalidad ayudar\u00e1 a que tus clientes regresen a tu negocio: Clear te permite programar recordatorio en un horario y d\u00eda espec\u00edfico con mensajes personalizados<\/p>\n\t\t<\/div>\n\t\t\n\t\t<a class=\"elementor-post__read-more\" href=\"https:\/\/somosclear.com\/cr\/whatsapps-de-seguimiento-a-citas\/\" aria-label=\"Read more about Nueva funcionalidad: Env\u00eda WhatsApps automatizados de seguimiento a citas\" tabindex=\"-1\" >\n\t\t\tLeer m\u00e1s\t\t<\/a>\n\n\t\t\t\t<\/div>\n\t\t\t\t\t<\/div>\n\t\t<\/article>\n\t\t\t\t<article class=\"elementor-post elementor-grid-item post-16537 post type-post status-publish format-standard has-post-thumbnail hentry category-novedades-cr\" role=\"listitem\">\n\t\t\t<div class=\"elementor-post__card\">\n\t\t\t\t<div class=\"elementor-post__text\">\n\t\t\t\t<h3 class=\"elementor-post__title\">\n\t\t\t<a href=\"https:\/\/somosclear.com\/cr\/caso-de-estudio-clientes-clear-logran-4-nuevas-citas\/\" >\n\t\t\t\tCaso de estudio: Clientes de Clear logran 4 nuevas citas en las primeras 72 horas\t\t\t<\/a>\n\t\t<\/h3>\n\t\t\t\t<div class=\"elementor-post__excerpt\">\n\t\t\t<p>Analizamos los resultados de clientes de manera aleatoria\u00a0 y comprobamos que generaron 4 nuevas citas en las primeras 72 horas realizando solo 1 env\u00edo masivo<\/p>\n\t\t<\/div>\n\t\t\n\t\t<a class=\"elementor-post__read-more\" href=\"https:\/\/somosclear.com\/cr\/caso-de-estudio-clientes-clear-logran-4-nuevas-citas\/\" aria-label=\"Read more about Caso de estudio: Clientes de Clear logran 4 nuevas citas en las primeras 72 horas\" tabindex=\"-1\" >\n\t\t\tLeer m\u00e1s\t\t<\/a>\n\n\t\t\t\t<\/div>\n\t\t\t\t\t<\/div>\n\t\t<\/article>\n\t\t\t\t<article class=\"elementor-post elementor-grid-item post-16571 post type-post status-publish format-standard has-post-thumbnail hentry category-novedades-cr\" role=\"listitem\">\n\t\t\t<div class=\"elementor-post__card\">\n\t\t\t\t<div class=\"elementor-post__text\">\n\t\t\t\t<h3 class=\"elementor-post__title\">\n\t\t\t<a href=\"https:\/\/somosclear.com\/cr\/bloqueo-de-calendarios\/\" >\n\t\t\t\tNueva funcionalidad: Bloqueo de calendarios\t\t\t<\/a>\n\t\t<\/h3>\n\t\t\t\t<div class=\"elementor-post__excerpt\">\n\t\t\t<p>Con esta funcionalidad puedes bloquear horarios espec\u00edficos de tu calendario Clear para evitar que tus clientes agenden en horas o fechas en las que t\u00fa<\/p>\n\t\t<\/div>\n\t\t\n\t\t<a class=\"elementor-post__read-more\" href=\"https:\/\/somosclear.com\/cr\/bloqueo-de-calendarios\/\" aria-label=\"Read more about Nueva funcionalidad: Bloqueo de calendarios\" tabindex=\"-1\" >\n\t\t\tLeer m\u00e1s\t\t<\/a>\n\n\t\t\t\t<\/div>\n\t\t\t\t\t<\/div>\n\t\t<\/article>\n\t\t\t\t<\/div>\n\t\t\n\t\t\t\t<div class=\"e-load-more-anchor\" data-page=\"1\" data-max-page=\"4\" data-next-page=\"https:\/\/somosclear.com\/cr\/wp-json\/wp\/v2\/pages\/10369\/page\/2\/\"><\/div>\n\t\t\t\t<nav class=\"elementor-pagination\" aria-label=\"Pagination\">\n\t\t\t<span aria-current=\"page\" class=\"page-numbers current\"><span class=\"elementor-screen-only\">Page<\/span>1<\/span>\n<a class=\"page-numbers\" href=\"https:\/\/somosclear.com\/cr\/wp-json\/wp\/v2\/pages\/10369\/page\/2\/\"><span class=\"elementor-screen-only\">Page<\/span>2<\/a>\n<a class=\"page-numbers\" href=\"https:\/\/somosclear.com\/cr\/wp-json\/wp\/v2\/pages\/10369\/page\/3\/\"><span class=\"elementor-screen-only\">Page<\/span>3<\/a>\n<a class=\"page-numbers\" href=\"https:\/\/somosclear.com\/cr\/wp-json\/wp\/v2\/pages\/10369\/page\/4\/\"><span class=\"elementor-screen-only\">Page<\/span>4<\/a>\t\t<\/nav>\n\t\t\t\t\t\t<\/div>\n\t\t\t\t<\/div>\n\t\t\t\t\t<\/div>\n\t\t<\/div>\n\t\t\t\t<div class=\"elementor-column elementor-col-33 elementor-top-column elementor-element elementor-element-55b7811 elementor-hidden-phone\" data-id=\"55b7811\" data-element_type=\"column\">\n\t\t\t<div class=\"elementor-widget-wrap elementor-element-populated\">\n\t\t\t\t\t\t<div class=\"elementor-element elementor-element-77867e8 elementor-widget elementor-widget-spacer\" data-id=\"77867e8\" data-element_type=\"widget\" data-widget_type=\"spacer.default\">\n\t\t\t\t<div class=\"elementor-widget-container\">\n\t\t\t\t\t\t\t<div class=\"elementor-spacer\">\n\t\t\t<div class=\"elementor-spacer-inner\"><\/div>\n\t\t<\/div>\n\t\t\t\t\t\t<\/div>\n\t\t\t\t<\/div>\n\t\t\t\t<div class=\"elementor-element elementor-element-f2b5ba2 elementor-widget elementor-widget-heading\" data-id=\"f2b5ba2\" data-element_type=\"widget\" data-widget_type=\"heading.default\">\n\t\t\t\t<div class=\"elementor-widget-container\">\n\t\t\t\t\t<h3 class=\"elementor-heading-title elementor-size-default\">Comparte en tus redes sociales<\/h3>\t\t\t\t<\/div>\n\t\t\t\t<\/div>\n\t\t\t\t<div class=\"elementor-element elementor-element-a99d113 e-grid-align-left elementor-shape-rounded elementor-grid-0 elementor-widget elementor-widget-social-icons\" data-id=\"a99d113\" data-element_type=\"widget\" data-widget_type=\"social-icons.default\">\n\t\t\t\t<div class=\"elementor-widget-container\">\n\t\t\t\t\t\t\t<div class=\"elementor-social-icons-wrapper elementor-grid\" role=\"list\">\n\t\t\t\t\t\t\t<span class=\"elementor-grid-item\" role=\"listitem\">\n\t\t\t\t\t<a class=\"elementor-icon elementor-social-icon elementor-social-icon-facebook elementor-repeater-item-a39766f\" target=\"_blank\">\n\t\t\t\t\t\t<span class=\"elementor-screen-only\">Facebook<\/span>\n\t\t\t\t\t\t<i class=\"fab fa-facebook\"><\/i>\t\t\t\t\t<\/a>\n\t\t\t\t<\/span>\n\t\t\t\t\t\t\t<span class=\"elementor-grid-item\" role=\"listitem\">\n\t\t\t\t\t<a class=\"elementor-icon elementor-social-icon elementor-social-icon-twitter elementor-repeater-item-e0ff83d\" target=\"_blank\">\n\t\t\t\t\t\t<span class=\"elementor-screen-only\">Twitter<\/span>\n\t\t\t\t\t\t<i class=\"fab fa-twitter\"><\/i>\t\t\t\t\t<\/a>\n\t\t\t\t<\/span>\n\t\t\t\t\t\t\t<span class=\"elementor-grid-item\" role=\"listitem\">\n\t\t\t\t\t<a class=\"elementor-icon elementor-social-icon elementor-social-icon-youtube elementor-repeater-item-5833303\" target=\"_blank\">\n\t\t\t\t\t\t<span class=\"elementor-screen-only\">Youtube<\/span>\n\t\t\t\t\t\t<i class=\"fab fa-youtube\"><\/i>\t\t\t\t\t<\/a>\n\t\t\t\t<\/span>\n\t\t\t\t\t<\/div>\n\t\t\t\t\t\t<\/div>\n\t\t\t\t<\/div>\n\t\t\t\t\t<\/div>\n\t\t<\/div>\n\t\t\t\t\t<\/div>\n\t\t<\/section>\n\t\t\t\t<section class=\"elementor-section elementor-top-section elementor-element elementor-element-15df4e63 elementor-section-full_width elementor-section-height-default elementor-section-height-default\" data-id=\"15df4e63\" data-element_type=\"section\" data-settings=\"{&quot;background_background&quot;:&quot;classic&quot;}\">\n\t\t\t\t\t\t<div class=\"elementor-container elementor-column-gap-default\">\n\t\t\t\t\t\t<\/div>\n\t\t<\/section>\n\t\t\t\t<section class=\"elementor-section elementor-top-section elementor-element elementor-element-65641a4 elementor-section-boxed elementor-section-height-default elementor-section-height-default\" data-id=\"65641a4\" data-element_type=\"section\">\n\t\t\t\t\t\t<div class=\"elementor-container elementor-column-gap-default\">\n\t\t\t\t\t<div class=\"elementor-column elementor-col-100 elementor-top-column elementor-element elementor-element-3dc789e\" data-id=\"3dc789e\" data-element_type=\"column\">\n\t\t\t<div class=\"elementor-widget-wrap\">\n\t\t\t\t\t\t\t<\/div>\n\t\t<\/div>\n\t\t\t\t\t<\/div>\n\t\t<\/section>\n\t\t\t\t<\/div>\n\t\t","protected":false},"excerpt":{"rendered":"<p>Novedades de Clear de los \u00faltimos 6 meses Comparte en tus redes sociales Facebook Twitter Youtube<\/p>\n","protected":false},"author":2,"featured_media":0,"parent":0,"menu_order":0,"comment_status":"closed","ping_status":"closed","template":"","meta":{"_acf_changed":false,"_monsterinsights_skip_tracking":false,"_monsterinsights_sitenote_active":false,"_monsterinsights_sitenote_note":"","_monsterinsights_sitenote_category":0,"footnotes":""},"class_list":["post-10369","page","type-page","status-publish","hentry"],"acf":[],"aioseo_notices":[],"_links":{"self":[{"href":"https:\/\/somosclear.com\/cr\/wp-json\/wp\/v2\/pages\/10369","targetHints":{"allow":["GET"]}}],"collection":[{"href":"https:\/\/somosclear.com\/cr\/wp-json\/wp\/v2\/pages"}],"about":[{"href":"https:\/\/somosclear.com\/cr\/wp-json\/wp\/v2\/types\/page"}],"author":[{"embeddable":true,"href":"https:\/\/somosclear.com\/cr\/wp-json\/wp\/v2\/users\/2"}],"replies":[{"embeddable":true,"href":"https:\/\/somosclear.com\/cr\/wp-json\/wp\/v2\/comments?post=10369"}],"version-history":[{"count":0,"href":"https:\/\/somosclear.com\/cr\/wp-json\/wp\/v2\/pages\/10369\/revisions"}],"wp:attachment":[{"href":"https:\/\/somosclear.com\/cr\/wp-json\/wp\/v2\/media?parent=10369"}],"curies":[{"name":"wp","href":"https:\/\/api.w.org\/{rel}","templated":true}]}}