{"id":16618,"date":"2022-06-20T19:54:26","date_gmt":"2022-06-21T00:54:26","guid":{"rendered":"https:\/\/somosclear.com\/referidos\/"},"modified":"2023-02-01T12:01:55","modified_gmt":"2023-02-01T18:01:55","slug":"referidos","status":"publish","type":"page","link":"https:\/\/somosclear.com\/do\/referidos\/","title":{"rendered":"Referidos"},"content":{"rendered":"\t\t<div data-elementor-type=\"wp-page\" data-elementor-id=\"16618\" class=\"elementor elementor-16618 elementor-10253\" data-elementor-post-type=\"page\">\n\t\t\t\t\t\t<section class=\"elementor-section elementor-top-section elementor-element elementor-element-0a07d2c elementor-section-full_width elementor-section-height-default elementor-section-height-default\" data-id=\"0a07d2c\" data-element_type=\"section\" data-settings=\"{&quot;background_background&quot;:&quot;classic&quot;}\">\n\t\t\t\t\t\t<div class=\"elementor-container elementor-column-gap-default\">\n\t\t\t\t\t<div class=\"elementor-column elementor-col-100 elementor-top-column elementor-element elementor-element-6ead82a\" data-id=\"6ead82a\" data-element_type=\"column\">\n\t\t\t<div class=\"elementor-widget-wrap elementor-element-populated\">\n\t\t\t\t\t\t<div class=\"elementor-element elementor-element-fdeaae8 elementor-widget elementor-widget-image\" data-id=\"fdeaae8\" data-element_type=\"widget\" data-widget_type=\"image.default\">\n\t\t\t\t<div class=\"elementor-widget-container\">\n\t\t\t\t\t\t\t\t\t\t\t\t\t\t\t<img fetchpriority=\"high\" decoding=\"async\" width=\"7076\" height=\"2326\" src=\"https:\/\/somosclear.com\/wp-content\/uploads\/2021\/07\/Grupo-5073@3x.png\" class=\"attachment-full size-full wp-image-5416\" alt=\"\" srcset=\"https:\/\/somosclear.com\/wp-content\/uploads\/2021\/07\/Grupo-5073@3x.png 7076w, https:\/\/somosclear.com\/wp-content\/uploads\/2021\/07\/Grupo-5073@3x-300x99.png 300w, https:\/\/somosclear.com\/wp-content\/uploads\/2021\/07\/Grupo-5073@3x-1024x337.png 1024w, https:\/\/somosclear.com\/wp-content\/uploads\/2021\/07\/Grupo-5073@3x-768x252.png 768w, https:\/\/somosclear.com\/wp-content\/uploads\/2021\/07\/Grupo-5073@3x-1536x505.png 1536w, https:\/\/somosclear.com\/wp-content\/uploads\/2021\/07\/Grupo-5073@3x-2048x673.png 2048w\" sizes=\"(max-width: 7076px) 100vw, 7076px\" \/>\t\t\t\t\t\t\t\t\t\t\t\t\t\t\t<\/div>\n\t\t\t\t<\/div>\n\t\t\t\t<section class=\"elementor-section elementor-inner-section elementor-element elementor-element-0a9dde0 elementor-section-boxed elementor-section-height-default elementor-section-height-default\" data-id=\"0a9dde0\" data-element_type=\"section\">\n\t\t\t\t\t\t<div class=\"elementor-container elementor-column-gap-default\">\n\t\t\t\t\t<div class=\"elementor-column elementor-col-100 elementor-inner-column elementor-element elementor-element-fb8e3bd\" data-id=\"fb8e3bd\" data-element_type=\"column\">\n\t\t\t<div class=\"elementor-widget-wrap elementor-element-populated\">\n\t\t\t\t\t\t<div class=\"elementor-element elementor-element-9696725 elementor-widget elementor-widget-heading\" data-id=\"9696725\" data-element_type=\"widget\" data-widget_type=\"heading.default\">\n\t\t\t\t<div class=\"elementor-widget-container\">\n\t\t\t\t\t<h1 class=\"elementor-heading-title elementor-size-default\">Referidos<\/h1>\t\t\t\t<\/div>\n\t\t\t\t<\/div>\n\t\t\t\t<div class=\"elementor-element elementor-element-12c21be elementor-widget elementor-widget-text-editor\" data-id=\"12c21be\" data-element_type=\"widget\" data-widget_type=\"text-editor.default\">\n\t\t\t\t<div class=\"elementor-widget-container\">\n\t\t\t\t\t\t\t\t\t<p><strong>Solo llena los datos del prospecto a referir<\/strong> y uno de nuestros Representantes lo contactar\u00e1 para coordinar una demostraci\u00f3n de Clear.<\/p>\t\t\t\t\t\t\t\t<\/div>\n\t\t\t\t<\/div>\n\t\t\t\t\t<\/div>\n\t\t<\/div>\n\t\t\t\t\t<\/div>\n\t\t<\/section>\n\t\t\t\t\t<\/div>\n\t\t<\/div>\n\t\t\t\t\t<\/div>\n\t\t<\/section>\n\t\t\t\t<section class=\"elementor-section elementor-top-section elementor-element elementor-element-24382b2 elementor-section-full_width elementor-section-height-default elementor-section-height-default\" data-id=\"24382b2\" data-element_type=\"section\" data-settings=\"{&quot;background_background&quot;:&quot;classic&quot;}\">\n\t\t\t\t\t\t<div class=\"elementor-container elementor-column-gap-default\">\n\t\t\t\t\t<div class=\"elementor-column elementor-col-100 elementor-top-column elementor-element elementor-element-c3f2af9\" data-id=\"c3f2af9\" data-element_type=\"column\" data-settings=\"{&quot;background_background&quot;:&quot;classic&quot;}\">\n\t\t\t<div class=\"elementor-widget-wrap elementor-element-populated\">\n\t\t\t\t\t\t<div class=\"elementor-element elementor-element-1f996dc eael-gravity-form-button-custom elementor-widget elementor-widget-eael-gravity-form\" data-id=\"1f996dc\" data-element_type=\"widget\" data-widget_type=\"eael-gravity-form.default\">\n\t\t\t\t<div class=\"elementor-widget-container\">\n\t\t\t\t\t\t\t\t<div class=\"eael-contact-form eael-gravity-form labels-hide eael-contact-form-align-center\">\n\t\t        \t\t\t<\/div>\n            \t\t\t\t<\/div>\n\t\t\t\t<\/div>\n\t\t\t\t\t<\/div>\n\t\t<\/div>\n\t\t\t\t\t<\/div>\n\t\t<\/section>\n\t\t\t\t<\/div>\n\t\t","protected":false},"excerpt":{"rendered":"<p>Referidos Solo llena los datos del prospecto a referir y uno de nuestros Representantes lo contactar\u00e1 para coordinar una demostraci\u00f3n de Clear. Nombre completo(Required) Nombre Tel\u00e9fono(Required)Empresa(Required) Puesto laboralPuestoAdministrativoDentista \/ odont\u00f3logo(a)Director(a) general o gerente generalDoctor(a)Due\u00f1o(a) \/ Propietario(a)FisioterapeutaRecepcionistaOtroTipoTipo de negocioBarber\u00eda \/ peluquer\u00edaCl\u00ednica de bellezaConsultorio m\u00e9dicoFisioterapiaNutrici\u00f3nOdontolog\u00edaOtro negocioPsicolog\u00edaSal\u00f3n de bellezaSpaU\u00f1asVeterinariaPersona o negocio que refiere(Required) ComentariosHidden Info de usuario HiddenPa\u00eds [&hellip;]<\/p>\n","protected":false},"author":2,"featured_media":0,"parent":0,"menu_order":0,"comment_status":"closed","ping_status":"closed","template":"","meta":{"_acf_changed":false,"_monsterinsights_skip_tracking":false,"_monsterinsights_sitenote_active":false,"_monsterinsights_sitenote_note":"","_monsterinsights_sitenote_category":0,"footnotes":""},"class_list":["post-16618","page","type-page","status-publish","hentry"],"acf":[],"aioseo_notices":[],"_links":{"self":[{"href":"https:\/\/somosclear.com\/do\/wp-json\/wp\/v2\/pages\/16618","targetHints":{"allow":["GET"]}}],"collection":[{"href":"https:\/\/somosclear.com\/do\/wp-json\/wp\/v2\/pages"}],"about":[{"href":"https:\/\/somosclear.com\/do\/wp-json\/wp\/v2\/types\/page"}],"author":[{"embeddable":true,"href":"https:\/\/somosclear.com\/do\/wp-json\/wp\/v2\/users\/2"}],"replies":[{"embeddable":true,"href":"https:\/\/somosclear.com\/do\/wp-json\/wp\/v2\/comments?post=16618"}],"version-history":[{"count":0,"href":"https:\/\/somosclear.com\/do\/wp-json\/wp\/v2\/pages\/16618\/revisions"}],"wp:attachment":[{"href":"https:\/\/somosclear.com\/do\/wp-json\/wp\/v2\/media?parent=16618"}],"curies":[{"name":"wp","href":"https:\/\/api.w.org\/{rel}","templated":true}]}}