{"id":16831,"date":"2022-02-26T18:39:01","date_gmt":"2022-02-27T00:39:01","guid":{"rendered":"https:\/\/somosclear.com\/solicitud-de-demo-exitosa-pro\/"},"modified":"2022-02-26T18:39:01","modified_gmt":"2022-02-27T00:39:01","slug":"solicitud-de-demo-exitosa-pro","status":"publish","type":"page","link":"https:\/\/somosclear.com\/ec\/solicitud-de-demo-exitosa-pro\/","title":{"rendered":"Solicitud de demo exitosa &#8211; Prospecto"},"content":{"rendered":"\t\t<div data-elementor-type=\"wp-page\" data-elementor-id=\"16831\" class=\"elementor elementor-16831 elementor-7660\" data-elementor-post-type=\"page\">\n\t\t\t\t\t\t<section class=\"elementor-section elementor-top-section elementor-element elementor-element-317888a elementor-section-full_width elementor-section-height-default elementor-section-height-default\" data-id=\"317888a\" data-element_type=\"section\" data-settings=\"{&quot;background_background&quot;:&quot;classic&quot;}\">\n\t\t\t\t\t\t<div class=\"elementor-container elementor-column-gap-default\">\n\t\t\t\t\t<div class=\"elementor-column elementor-col-100 elementor-top-column elementor-element elementor-element-dc40039\" data-id=\"dc40039\" data-element_type=\"column\">\n\t\t\t<div class=\"elementor-widget-wrap elementor-element-populated\">\n\t\t\t\t\t\t<div class=\"elementor-element elementor-element-28af5b8 elementor-widget elementor-widget-image\" data-id=\"28af5b8\" data-element_type=\"widget\" data-widget_type=\"image.default\">\n\t\t\t\t<div class=\"elementor-widget-container\">\n\t\t\t\t\t\t\t\t\t\t\t\t\t\t\t<img fetchpriority=\"high\" decoding=\"async\" width=\"7076\" height=\"2326\" src=\"https:\/\/somosclear.com\/wp-content\/uploads\/2021\/07\/Grupo-5073@3x.png\" class=\"attachment-full size-full wp-image-5396\" alt=\"\" srcset=\"https:\/\/somosclear.com\/wp-content\/uploads\/2021\/07\/Grupo-5073@3x.png 7076w, https:\/\/somosclear.com\/wp-content\/uploads\/2021\/07\/Grupo-5073@3x-300x99.png 300w, https:\/\/somosclear.com\/wp-content\/uploads\/2021\/07\/Grupo-5073@3x-1024x337.png 1024w, https:\/\/somosclear.com\/wp-content\/uploads\/2021\/07\/Grupo-5073@3x-768x252.png 768w, https:\/\/somosclear.com\/wp-content\/uploads\/2021\/07\/Grupo-5073@3x-1536x505.png 1536w, https:\/\/somosclear.com\/wp-content\/uploads\/2021\/07\/Grupo-5073@3x-2048x673.png 2048w\" sizes=\"(max-width: 7076px) 100vw, 7076px\" \/>\t\t\t\t\t\t\t\t\t\t\t\t\t\t\t<\/div>\n\t\t\t\t<\/div>\n\t\t\t\t<section class=\"elementor-section elementor-inner-section elementor-element elementor-element-a5cec0a elementor-section-boxed elementor-section-height-default elementor-section-height-default\" data-id=\"a5cec0a\" data-element_type=\"section\">\n\t\t\t\t\t\t<div class=\"elementor-container elementor-column-gap-default\">\n\t\t\t\t\t<div class=\"elementor-column elementor-col-100 elementor-inner-column elementor-element elementor-element-2a246d4\" data-id=\"2a246d4\" data-element_type=\"column\">\n\t\t\t<div class=\"elementor-widget-wrap elementor-element-populated\">\n\t\t\t\t\t\t<div class=\"elementor-element elementor-element-2f49b14 elementor-widget elementor-widget-heading\" data-id=\"2f49b14\" data-element_type=\"widget\" data-widget_type=\"heading.default\">\n\t\t\t\t<div class=\"elementor-widget-container\">\n\t\t\t\t\t<h1 class=\"elementor-heading-title elementor-size-default\">Solicita una demo<\/h1>\t\t\t\t<\/div>\n\t\t\t\t<\/div>\n\t\t\t\t<div class=\"elementor-element elementor-element-c019ef8 elementor-widget elementor-widget-text-editor\" data-id=\"c019ef8\" data-element_type=\"widget\" data-widget_type=\"text-editor.default\">\n\t\t\t\t<div class=\"elementor-widget-container\">\n\t\t\t\t\t\t\t\t\t<p><strong>Solo llena tus datos.<\/strong> Pronto uno de nuestros asesores te contactar\u00e1 para mostrarte el demo.<\/p>\t\t\t\t\t\t\t\t<\/div>\n\t\t\t\t<\/div>\n\t\t\t\t\t<\/div>\n\t\t<\/div>\n\t\t\t\t\t<\/div>\n\t\t<\/section>\n\t\t\t\t\t<\/div>\n\t\t<\/div>\n\t\t\t\t\t<\/div>\n\t\t<\/section>\n\t\t\t\t<section class=\"elementor-section elementor-top-section elementor-element elementor-element-bc32b15 elementor-section-boxed elementor-section-height-default elementor-section-height-default\" data-id=\"bc32b15\" data-element_type=\"section\">\n\t\t\t\t\t\t<div class=\"elementor-container elementor-column-gap-default\">\n\t\t\t\t\t<div class=\"elementor-column elementor-col-100 elementor-top-column elementor-element elementor-element-4c50ddd\" data-id=\"4c50ddd\" data-element_type=\"column\" data-settings=\"{&quot;background_background&quot;:&quot;classic&quot;}\">\n\t\t\t<div class=\"elementor-widget-wrap elementor-element-populated\">\n\t\t\t\t\t\t<div class=\"elementor-element elementor-element-d2cd442 elementor-view-default elementor-widget elementor-widget-icon\" data-id=\"d2cd442\" data-element_type=\"widget\" data-widget_type=\"icon.default\">\n\t\t\t\t<div class=\"elementor-widget-container\">\n\t\t\t\t\t\t\t<div class=\"elementor-icon-wrapper\">\n\t\t\t<div class=\"elementor-icon\">\n\t\t\t<i aria-hidden=\"true\" class=\"far fa-check-circle\"><\/i>\t\t\t<\/div>\n\t\t<\/div>\n\t\t\t\t\t\t<\/div>\n\t\t\t\t<\/div>\n\t\t\t\t<div class=\"elementor-element elementor-element-9212bbc elementor-widget elementor-widget-heading\" data-id=\"9212bbc\" data-element_type=\"widget\" data-widget_type=\"heading.default\">\n\t\t\t\t<div class=\"elementor-widget-container\">\n\t\t\t\t\t<h2 class=\"elementor-heading-title elementor-size-default\">\u00a1Env\u00edo exitoso!<\/h2>\t\t\t\t<\/div>\n\t\t\t\t<\/div>\n\t\t\t\t<div class=\"elementor-element elementor-element-d88f6bb elementor-widget elementor-widget-text-editor\" data-id=\"d88f6bb\" data-element_type=\"widget\" data-widget_type=\"text-editor.default\">\n\t\t\t\t<div class=\"elementor-widget-container\">\n\t\t\t\t\t\t\t\t\t<p><strong>Gracias por ponerte en contacto con nosotros.<\/strong> <br \/>A la brevedad posible, nos comunicaremos para coordinar el horario y fecha de tu demo.<\/p>\t\t\t\t\t\t\t\t<\/div>\n\t\t\t\t<\/div>\n\t\t\t\t\t<\/div>\n\t\t<\/div>\n\t\t\t\t\t<\/div>\n\t\t<\/section>\n\t\t\t\t<section class=\"elementor-section elementor-top-section elementor-element elementor-element-6f2afae5 elementor-section-full_width elementor-section-height-min-height elementor-section-height-default elementor-section-items-middle\" data-id=\"6f2afae5\" data-element_type=\"section\" data-settings=\"{&quot;background_background&quot;:&quot;gradient&quot;}\">\n\t\t\t\t\t\t<div class=\"elementor-container elementor-column-gap-default\">\n\t\t\t\t\t<div class=\"elementor-column elementor-col-100 elementor-top-column elementor-element elementor-element-8ba422c\" data-id=\"8ba422c\" data-element_type=\"column\" data-settings=\"{&quot;background_background&quot;:&quot;classic&quot;}\">\n\t\t\t<div class=\"elementor-widget-wrap elementor-element-populated\">\n\t\t\t\t\t\t<div class=\"elementor-element elementor-element-379742b3 elementor-widget elementor-widget-heading\" data-id=\"379742b3\" data-element_type=\"widget\" data-widget_type=\"heading.default\">\n\t\t\t\t<div class=\"elementor-widget-container\">\n\t\t\t\t\t<h2 class=\"elementor-heading-title elementor-size-default\">Conoce m\u00e1s de Clear, nuestra misi\u00f3n y valores.<\/h2>\t\t\t\t<\/div>\n\t\t\t\t<\/div>\n\t\t\t\t<div class=\"elementor-element elementor-element-42856af2 elementor-align-center elementor-mobile-align-center elementor-widget elementor-widget-button\" data-id=\"42856af2\" data-element_type=\"widget\" data-widget_type=\"button.default\">\n\t\t\t\t<div class=\"elementor-widget-container\">\n\t\t\t\t\t\t\t\t\t<div class=\"elementor-button-wrapper\">\n\t\t\t\t\t<a class=\"elementor-button elementor-button-link elementor-size-lg\" href=\"https:\/\/somosclear.com\/ec\/nosotros\/\">\n\t\t\t\t\t\t<span class=\"elementor-button-content-wrapper\">\n\t\t\t\t\t\t<span class=\"elementor-button-icon\">\n\t\t\t\t<i aria-hidden=\"true\" class=\"fas fa-arrow-right\"><\/i>\t\t\t<\/span>\n\t\t\t\t\t\t\t\t\t<span class=\"elementor-button-text\">Con\u00f3cenos<\/span>\n\t\t\t\t\t<\/span>\n\t\t\t\t\t<\/a>\n\t\t\t\t<\/div>\n\t\t\t\t\t\t\t\t<\/div>\n\t\t\t\t<\/div>\n\t\t\t\t\t<\/div>\n\t\t<\/div>\n\t\t\t\t\t<\/div>\n\t\t<\/section>\n\t\t\t\t<\/div>\n\t\t","protected":false},"excerpt":{"rendered":"<p>Solicita una demo Solo llena tus datos. Pronto uno de nuestros asesores te contactar\u00e1 para mostrarte el demo. \u00a1Env\u00edo exitoso! Gracias por ponerte en contacto con nosotros. A la brevedad posible, nos comunicaremos para coordinar el horario y fecha de tu demo. Conoce m\u00e1s de Clear, nuestra misi\u00f3n y valores. Con\u00f3cenos<\/p>\n","protected":false},"author":2,"featured_media":0,"parent":0,"menu_order":0,"comment_status":"closed","ping_status":"closed","template":"","meta":{"_acf_changed":false,"_monsterinsights_skip_tracking":false,"_monsterinsights_sitenote_active":false,"_monsterinsights_sitenote_note":"","_monsterinsights_sitenote_category":0,"footnotes":""},"class_list":["post-16831","page","type-page","status-publish","hentry"],"acf":[],"aioseo_notices":[],"_links":{"self":[{"href":"https:\/\/somosclear.com\/ec\/wp-json\/wp\/v2\/pages\/16831","targetHints":{"allow":["GET"]}}],"collection":[{"href":"https:\/\/somosclear.com\/ec\/wp-json\/wp\/v2\/pages"}],"about":[{"href":"https:\/\/somosclear.com\/ec\/wp-json\/wp\/v2\/types\/page"}],"author":[{"embeddable":true,"href":"https:\/\/somosclear.com\/ec\/wp-json\/wp\/v2\/users\/2"}],"replies":[{"embeddable":true,"href":"https:\/\/somosclear.com\/ec\/wp-json\/wp\/v2\/comments?post=16831"}],"version-history":[{"count":0,"href":"https:\/\/somosclear.com\/ec\/wp-json\/wp\/v2\/pages\/16831\/revisions"}],"wp:attachment":[{"href":"https:\/\/somosclear.com\/ec\/wp-json\/wp\/v2\/media?parent=16831"}],"curies":[{"name":"wp","href":"https:\/\/api.w.org\/{rel}","templated":true}]}}