{"id":5136,"date":"2021-06-26T22:52:48","date_gmt":"2021-06-26T22:52:48","guid":{"rendered":"https:\/\/somosclear.com\/nosotros\/"},"modified":"2024-09-04T14:58:10","modified_gmt":"2024-09-04T20:58:10","slug":"nosotros","status":"publish","type":"page","link":"https:\/\/somosclear.com\/ec\/nosotros\/","title":{"rendered":"Nosotros"},"content":{"rendered":"\t\t<div data-elementor-type=\"wp-page\" data-elementor-id=\"5136\" class=\"elementor elementor-5136 elementor-37\" data-elementor-post-type=\"page\">\n\t\t\t\t\t\t<section class=\"elementor-section elementor-top-section elementor-element elementor-element-40cab68 elementor-section-full_width elementor-section-height-default elementor-section-height-default\" data-id=\"40cab68\" data-element_type=\"section\" data-settings=\"{&quot;background_background&quot;:&quot;classic&quot;}\">\n\t\t\t\t\t\t<div class=\"elementor-container elementor-column-gap-default\">\n\t\t\t\t\t<div class=\"elementor-column elementor-col-50 elementor-top-column elementor-element elementor-element-b23b3fe\" data-id=\"b23b3fe\" data-element_type=\"column\">\n\t\t\t<div class=\"elementor-widget-wrap elementor-element-populated\">\n\t\t\t\t\t\t<div class=\"elementor-element elementor-element-22f881a elementor-widget elementor-widget-heading\" data-id=\"22f881a\" data-element_type=\"widget\" data-widget_type=\"heading.default\">\n\t\t\t\t<div class=\"elementor-widget-container\">\n\t\t\t\t\t<h2 class=\"elementor-heading-title elementor-size-default\">Ayudamos a crecer a las PYMEs <br><span id=\"morado\">en Latinoam\u00e9rica.<\/span><\/h2>\t\t\t\t<\/div>\n\t\t\t\t<\/div>\n\t\t\t\t<div class=\"elementor-element elementor-element-0ac3e6b elementor-widget elementor-widget-text-editor\" data-id=\"0ac3e6b\" data-element_type=\"widget\" data-widget_type=\"text-editor.default\">\n\t\t\t\t<div class=\"elementor-widget-container\">\n\t\t\t\t\t\t\t\t\t<p>Somos un equipo de personas apasionadas por <strong>desarrollar tecnolog\u00eda<\/strong> que facilite la operaci\u00f3n diaria de las<strong> peque\u00f1as y medianas empresas.<\/strong><\/p>\t\t\t\t\t\t\t\t<\/div>\n\t\t\t\t<\/div>\n\t\t\t\t<div class=\"elementor-element elementor-element-814b01f coverBtn elementor-mobile-align-center elementor-widget elementor-widget-button\" data-id=\"814b01f\" data-element_type=\"widget\" data-widget_type=\"button.default\">\n\t\t\t\t<div class=\"elementor-widget-container\">\n\t\t\t\t\t\t\t\t\t<div class=\"elementor-button-wrapper\">\n\t\t\t\t\t<a class=\"elementor-button elementor-button-link elementor-size-sm\" href=\"https:\/\/somosclear.com\/contacto\/\">\n\t\t\t\t\t\t<span class=\"elementor-button-content-wrapper\">\n\t\t\t\t\t\t<span class=\"elementor-button-icon\">\n\t\t\t\t<i aria-hidden=\"true\" class=\"fas fa-arrow-right\"><\/i>\t\t\t<\/span>\n\t\t\t\t\t\t\t\t\t<span class=\"elementor-button-text\">Cont\u00e1ctanos<\/span>\n\t\t\t\t\t<\/span>\n\t\t\t\t\t<\/a>\n\t\t\t\t<\/div>\n\t\t\t\t\t\t\t\t<\/div>\n\t\t\t\t<\/div>\n\t\t\t\t\t<\/div>\n\t\t<\/div>\n\t\t\t\t<div class=\"elementor-column elementor-col-50 elementor-top-column elementor-element elementor-element-8787fe1\" data-id=\"8787fe1\" data-element_type=\"column\">\n\t\t\t<div class=\"elementor-widget-wrap elementor-element-populated\">\n\t\t\t\t\t\t<div class=\"elementor-element elementor-element-1e56b92 elementor-invisible elementor-widget elementor-widget-image\" data-id=\"1e56b92\" data-element_type=\"widget\" data-settings=\"{&quot;_animation&quot;:&quot;fadeIn&quot;}\" data-widget_type=\"image.default\">\n\t\t\t\t<div class=\"elementor-widget-container\">\n\t\t\t\t\t\t\t\t\t\t\t\t\t\t\t<img fetchpriority=\"high\" decoding=\"async\" width=\"800\" height=\"547\" src=\"https:\/\/somosclear.com\/wp-content\/uploads\/2024\/09\/Clear-Ayudamos-a-las-PyMEs-a-Crecer-1200x820.jpeg\" class=\"attachment-large size-large wp-image-20275\" alt=\"Clear - ayudamos a las PyMES a crecer\" srcset=\"https:\/\/somosclear.com\/wp-content\/uploads\/2024\/09\/Clear-Ayudamos-a-las-PyMEs-a-Crecer-1200x820.jpeg 1200w, https:\/\/somosclear.com\/wp-content\/uploads\/2024\/09\/Clear-Ayudamos-a-las-PyMEs-a-Crecer-600x410.jpeg 600w, https:\/\/somosclear.com\/wp-content\/uploads\/2024\/09\/Clear-Ayudamos-a-las-PyMEs-a-Crecer-768x525.jpeg 768w, https:\/\/somosclear.com\/wp-content\/uploads\/2024\/09\/Clear-Ayudamos-a-las-PyMEs-a-Crecer-1536x1049.jpeg 1536w, https:\/\/somosclear.com\/wp-content\/uploads\/2024\/09\/Clear-Ayudamos-a-las-PyMEs-a-Crecer-2048x1399.jpeg 2048w\" sizes=\"(max-width: 800px) 100vw, 800px\" \/>\t\t\t\t\t\t\t\t\t\t\t\t\t\t\t<\/div>\n\t\t\t\t<\/div>\n\t\t\t\t\t<\/div>\n\t\t<\/div>\n\t\t\t\t\t<\/div>\n\t\t<\/section>\n\t\t\t\t<section class=\"elementor-section elementor-top-section elementor-element elementor-element-7a35666 elementor-section-full_width elementor-section-height-default elementor-section-height-default\" data-id=\"7a35666\" data-element_type=\"section\">\n\t\t\t\t\t\t<div class=\"elementor-container elementor-column-gap-default\">\n\t\t\t\t\t<div class=\"elementor-column elementor-col-100 elementor-top-column elementor-element elementor-element-200fada\" data-id=\"200fada\" data-element_type=\"column\">\n\t\t\t<div class=\"elementor-widget-wrap elementor-element-populated\">\n\t\t\t\t\t\t<section class=\"elementor-section elementor-inner-section elementor-element elementor-element-361d751 elementor-section-full_width elementor-section-height-default elementor-section-height-default\" data-id=\"361d751\" data-element_type=\"section\">\n\t\t\t\t\t\t<div class=\"elementor-container elementor-column-gap-wider\">\n\t\t\t\t\t<div class=\"elementor-column elementor-col-33 elementor-inner-column elementor-element elementor-element-d67d0cf\" data-id=\"d67d0cf\" data-element_type=\"column\" data-settings=\"{&quot;background_background&quot;:&quot;classic&quot;}\">\n\t\t\t<div class=\"elementor-widget-wrap elementor-element-populated\">\n\t\t\t\t\t\t<div class=\"elementor-element elementor-element-a3d386f elementor-widget elementor-widget-image\" data-id=\"a3d386f\" data-element_type=\"widget\" data-widget_type=\"image.default\">\n\t\t\t\t<div class=\"elementor-widget-container\">\n\t\t\t\t\t\t\t\t\t\t\t\t\t\t\t<img decoding=\"async\" width=\"105\" height=\"103\" src=\"https:\/\/somosclear.com\/wp-content\/uploads\/2021\/07\/Grupo-5085@2x.png\" class=\"attachment-medium size-medium wp-image-5139\" alt=\"\" \/>\t\t\t\t\t\t\t\t\t\t\t\t\t\t\t<\/div>\n\t\t\t\t<\/div>\n\t\t\t\t<div class=\"elementor-element elementor-element-9611411 elementor-widget elementor-widget-heading\" data-id=\"9611411\" data-element_type=\"widget\" data-widget_type=\"heading.default\">\n\t\t\t\t<div class=\"elementor-widget-container\">\n\t\t\t\t\t<h2 class=\"elementor-heading-title elementor-size-default\">Nuestra raz\u00f3n \nde ser<\/h2>\t\t\t\t<\/div>\n\t\t\t\t<\/div>\n\t\t\t\t<div class=\"elementor-element elementor-element-7676cc5 elementor-widget elementor-widget-text-editor\" data-id=\"7676cc5\" data-element_type=\"widget\" data-widget_type=\"text-editor.default\">\n\t\t\t\t<div class=\"elementor-widget-container\">\n\t\t\t\t\t\t\t\t\t<p>Crear soluciones digitales que permitan a las PYMEs ser tan automatizadas y competitivas como las grandes empresas,<strong> manteniendo la flexibilidad y<\/strong> <strong>cercan\u00eda con sus clientes.<\/strong><\/p>\t\t\t\t\t\t\t\t<\/div>\n\t\t\t\t<\/div>\n\t\t\t\t\t<\/div>\n\t\t<\/div>\n\t\t\t\t<div class=\"elementor-column elementor-col-33 elementor-inner-column elementor-element elementor-element-1eff1ff\" data-id=\"1eff1ff\" data-element_type=\"column\" data-settings=\"{&quot;background_background&quot;:&quot;classic&quot;}\">\n\t\t\t<div class=\"elementor-widget-wrap elementor-element-populated\">\n\t\t\t\t\t\t<div class=\"elementor-element elementor-element-88ed82c elementor-view-default elementor-widget elementor-widget-icon\" data-id=\"88ed82c\" data-element_type=\"widget\" data-widget_type=\"icon.default\">\n\t\t\t\t<div class=\"elementor-widget-container\">\n\t\t\t\t\t\t\t<div class=\"elementor-icon-wrapper\">\n\t\t\t<div class=\"elementor-icon\">\n\t\t\t<svg xmlns=\"http:\/\/www.w3.org\/2000\/svg\" width=\"64.254\" height=\"61.564\" viewBox=\"0 0 64.254 61.564\"><defs><style>            .cls-2{fill:#afecf7}        <\/style><\/defs><g id=\"Grupo_5086\" transform=\"translate(-772 -907.496)\"><g id=\"Grupo_5065\" transform=\"translate(772 907.496)\"><path id=\"Trazado_2767\" fill=\"#020286\" d=\"M48.947 47.649h-6.829c.068-.338.2-.676.27-.947a4.735 4.735 0 0 0 .068-2.907 5.027 5.027 0 0 0-3.651-3.583 5.176 5.176 0 0 0-4.327.947 4.9 4.9 0 0 0-1.893 3.921 3.967 3.967 0 0 0 .27 1.555 5.632 5.632 0 0 1 .27 1.014h-5.61v-7.437a1.335 1.335 0 0 0-.406-.947 1.293 1.293 0 0 0-1.014-.27 19.684 19.684 0 0 0-2.7.676 2.5 2.5 0 0 1-2.84-.879A2.669 2.669 0 0 1 21.9 34.6a2.765 2.765 0 0 1 1.487 0 20.848 20.848 0 0 0 2.772.676 1.212 1.212 0 0 0 .947-.27 1.134 1.134 0 0 0 .406-.947v-7.842A1.212 1.212 0 0 0 26.3 25H3.717A1.212 1.212 0 0 0 2.5 26.217v45.23a1.212 1.212 0 0 0 1.217 1.217h45.23a1.212 1.212 0 0 0 1.217-1.217V48.866a1.212 1.212 0 0 0-1.217-1.217zm-23.8-20.215v5.341c-.338-.068-.676-.2-.947-.27a4.735 4.735 0 0 0-2.907-.068 5.02 5.02 0 0 0-2.637 7.978 4.955 4.955 0 0 0 5.476 1.623 4.448 4.448 0 0 1 1.014-.27v5.95h-7.164a1.335 1.335 0 0 0-.947.406 1.293 1.293 0 0 0-.27 1.014 22.535 22.535 0 0 0 .676 2.7 3.394 3.394 0 0 1 .135.811 2.409 2.409 0 0 1-1.014 2.028 2.489 2.489 0 0 1-2.3.473 2.706 2.706 0 0 1-1.893-1.825 2.454 2.454 0 0 1 .068-1.555 26.319 26.319 0 0 0 .676-2.7 1.212 1.212 0 0 0-.27-.947 1.134 1.134 0 0 0-.947-.406H4.934V27.434zM4.934 50.015h5.611c-.068.338-.2.676-.27.947a4.735 4.735 0 0 0-.068 2.907 5.027 5.027 0 0 0 3.651 3.583 7.449 7.449 0 0 0 1.217.135 5.1 5.1 0 0 0 3.11-1.082 4.9 4.9 0 0 0 1.893-3.921 3.967 3.967 0 0 0-.27-1.555 5.632 5.632 0 0 1-.27-1.014h5.611v7.1a1.335 1.335 0 0 0 .406.947 1.293 1.293 0 0 0 1.014.27 19.684 19.684 0 0 0 2.7-.676 2.569 2.569 0 0 1 2.84.879 2.669 2.669 0 0 1-1.352 4.192 2.454 2.454 0 0 1-1.555-.068c-.879-.27-1.758-.473-2.7-.676a1.212 1.212 0 0 0-.947.27 1.135 1.135 0 0 0-.406.947v7.1H4.934zM47.73 70.3H27.515v-5.614c.338.068.676.2.947.27a4.735 4.735 0 0 0 2.907.068 5.027 5.027 0 0 0 3.583-3.651 5.176 5.176 0 0 0-.947-4.327 4.9 4.9 0 0 0-3.921-1.893 3.967 3.967 0 0 0-1.555.27 5.633 5.633 0 0 1-1.014.27v-5.678h7.1a1.335 1.335 0 0 0 .947-.406 1.293 1.293 0 0 0 .27-1.014 19.683 19.683 0 0 0-.676-2.7 3.393 3.393 0 0 1-.135-.811 2.409 2.409 0 0 1 1.014-2.028 2.669 2.669 0 0 1 4.19 1.344 2.454 2.454 0 0 1-.068 1.555 26.319 26.319 0 0 0-.676 2.7 1.212 1.212 0 0 0 .27.947 1.134 1.134 0 0 0 .947.406h7.1V70.3z\" transform=\"translate(-2.5 -11.1)\"><\/path><path id=\"Trazado_2768\" d=\"M80.778 10.971a1.047 1.047 0 0 0-.744-.541L58.2 4.481a1 1 0 0 0-.879.135 1.047 1.047 0 0 0-.541.744l-1.825 6.626c-.27-.2-.608-.338-.879-.541a4.718 4.718 0 0 0-2.7-.811A4.973 4.973 0 0 0 46.7 17.6a4.98 4.98 0 0 0 3.313 2.84 4.057 4.057 0 0 0 1.555.135h1.014L50.827 27.2a1.225 1.225 0 0 0 .811 1.487l7.978 2.163a1.333 1.333 0 0 0 1.014-.2 1.5 1.5 0 0 0 .541-.879 17.805 17.805 0 0 0 .068-2.637 3.292 3.292 0 0 1 .068-.811 2.486 2.486 0 0 1 1.487-1.69 2.519 2.519 0 0 1 2.3.135 2.617 2.617 0 0 1 1.352 2.3 2.5 2.5 0 0 1-.406 1.42 14.638 14.638 0 0 0-1.285 2.3 1.318 1.318 0 0 0 0 1.014 1.229 1.229 0 0 0 .744.676l7.978 2.1c.135 0 .2.068.338.068a1.159 1.159 0 0 0 1.149-.879l5.95-21.837a1.487 1.487 0 0 0-.136-.959zM72.935 31.93l-5.409-1.487A4.547 4.547 0 0 1 68 29.7a4.875 4.875 0 0 0 .811-2.7 4.973 4.973 0 0 0-6.964-4.665 4.98 4.98 0 0 0-2.84 3.313 4.057 4.057 0 0 0-.135 1.555v.879l-5.409-1.487 1.893-6.9a1.392 1.392 0 0 0-.2-1.014c-.2-.338-.541-.338-.947-.406a20.376 20.376 0 0 0-2.84-.068 3.292 3.292 0 0 1-.811-.068 2.486 2.486 0 0 1-1.69-1.487 2.519 2.519 0 0 1 .135-2.3A2.592 2.592 0 0 1 51.233 13h.067a2.5 2.5 0 0 1 1.42.406 17.29 17.29 0 0 0 2.5 1.352 1.318 1.318 0 0 0 1.014 0 1.229 1.229 0 0 0 .676-.744l1.893-6.9 19.539 5.273z\" class=\"cls-2\" transform=\"translate(-16.685 -4.44)\"><\/path><path id=\"Trazado_2769\" d=\"M37.44 8.024s-4.16-1.52-6.56 1.6 1.921 5.2 4.48 5.04a1.8 1.8 0 0 1 2.08 2.24l-2.08 5.52 7.279 2.4s1.2-.4.88-2.4 2.88-4.72 4.96-3.44 3.12 1.84 2 4.32a26.525 26.525 0 0 1-2 3.76l8.64 1.92 5.76-20.96L61.6 6.5 41.2 1.464l-2 6.56z\" class=\"cls-2\"><\/path><\/g><\/g><\/svg>\t\t\t<\/div>\n\t\t<\/div>\n\t\t\t\t\t\t<\/div>\n\t\t\t\t<\/div>\n\t\t\t\t<div class=\"elementor-element elementor-element-425b477 elementor-widget elementor-widget-heading\" data-id=\"425b477\" data-element_type=\"widget\" data-widget_type=\"heading.default\">\n\t\t\t\t<div class=\"elementor-widget-container\">\n\t\t\t\t\t<h2 class=\"elementor-heading-title elementor-size-default\">La mejor soluci\u00f3n <br> para cada PYME<\/h2>\t\t\t\t<\/div>\n\t\t\t\t<\/div>\n\t\t\t\t<div class=\"elementor-element elementor-element-9474cc6 elementor-widget elementor-widget-text-editor\" data-id=\"9474cc6\" data-element_type=\"widget\" data-widget_type=\"text-editor.default\">\n\t\t\t\t<div class=\"elementor-widget-container\">\n\t\t\t\t\t\t\t\t\t<p><strong>Facilitaremos la integraci\u00f3n con otros sistemas<\/strong> y aplicaciones para que cada cliente decida qu\u00e9 aplicaciones conectar a Clear.<\/p>\t\t\t\t\t\t\t\t<\/div>\n\t\t\t\t<\/div>\n\t\t\t\t\t<\/div>\n\t\t<\/div>\n\t\t\t\t<div class=\"elementor-column elementor-col-33 elementor-inner-column elementor-element elementor-element-08a88db\" data-id=\"08a88db\" data-element_type=\"column\" data-settings=\"{&quot;background_background&quot;:&quot;classic&quot;}\">\n\t\t\t<div class=\"elementor-widget-wrap elementor-element-populated\">\n\t\t\t\t\t\t<div class=\"elementor-element elementor-element-228ba7b elementor-view-default elementor-widget elementor-widget-icon\" data-id=\"228ba7b\" data-element_type=\"widget\" data-widget_type=\"icon.default\">\n\t\t\t\t<div class=\"elementor-widget-container\">\n\t\t\t\t\t\t\t<div class=\"elementor-icon-wrapper\">\n\t\t\t<div class=\"elementor-icon\">\n\t\t\t<svg xmlns=\"http:\/\/www.w3.org\/2000\/svg\" width=\"89\" height=\"54\" viewBox=\"0 0 89 54\"><defs><style>            .cls-1{fill:#fff;stroke:#020288;stroke-width:2px}.cls-6{stroke:none}.cls-7{fill:none}        <\/style><\/defs><g id=\"Grupo_5064\" transform=\"translate(-1248 -919)\"><g id=\"Rect&#xE1;ngulo_32\" class=\"cls-1\"><path d=\"M6 0h52a6 6 0 0 1 6 6v37H0V6a6 6 0 0 1 6-6z\" class=\"cls-6\" transform=\"translate(1250 919)\"><\/path><path d=\"M6 1h52a5 5 0 0 1 5 5v35a1 1 0 0 1-1 1H2a1 1 0 0 1-1-1V6a5 5 0 0 1 5-5z\" class=\"cls-7\" transform=\"translate(1250 919)\"><\/path><\/g><g id=\"Rect&#xE1;ngulo_34\" fill=\"#fff\" stroke=\"#020288\" stroke-linecap=\"square\" stroke-linejoin=\"round\" stroke-width=\"2px\"><path d=\"M6 0h57a6 6 0 0 1 6 6v2H0V6a6 6 0 0 1 6-6z\" class=\"cls-6\" transform=\"translate(1317 968) rotate(180)\"><\/path><path d=\"M6 1h57a5 5 0 0 1 5 5 1 1 0 0 1-1 1H2a1 1 0 0 1-1-1 5 5 0 0 1 5-5z\" class=\"cls-7\" transform=\"translate(1317 968) rotate(180)\"><\/path><\/g><g id=\"Rect&#xE1;ngulo_35\" class=\"cls-1\"><path d=\"M4 0h46a4 4 0 0 1 4 4v30H0V4a4 4 0 0 1 4-4z\" class=\"cls-6\" transform=\"translate(1255 924)\"><\/path><path d=\"M4 1h46a3 3 0 0 1 3 3v28a1 1 0 0 1-1 1H2a1 1 0 0 1-1-1V4a3 3 0 0 1 3-3z\" class=\"cls-7\" transform=\"translate(1255 924)\"><\/path><\/g><path id=\"Uni&#xF3;n_2\" fill=\"#fefefe\" d=\"M-5308 40v-2.055a9 9 0 0 1-8-8.945 9 9 0 0 1 8-8.945V0h66v40z\" transform=\"translate(6579 933)\"><\/path><rect id=\"Rect&#xE1;ngulo_36\" width=\"67\" height=\"12\" fill=\"#b2f0fb\" rx=\"6\" transform=\"translate(1267 956)\"><\/rect><g id=\"noun_Car_2389506\" transform=\"translate(1276.885 936.148)\"><g id=\"Grupo_5063\" transform=\"translate(0 0)\"><path id=\"Trazado_2761\" fill=\"#020287\" d=\"M6.076 33.076h1.488a5.864 5.864 0 0 0 11.555 0h11.442a5.864 5.864 0 0 0 11.555 0h5.432a1.986 1.986 0 0 0 1.984-1.984v-5.46a5.063 5.063 0 0 0-5.057-5.057h-6.033c-3.722-3.555-5.478-8.219-10.922-8.219H15.332a8.061 8.061 0 0 0-6.81 3.72l-2.888 4.5H2.03a1.011 1.011 0 0 0-1.011 1.011v6.432a5.063 5.063 0 0 0 5.057 5.057zm7.266 2.836a3.852 3.852 0 0 1-3.847-3.834v-.013-.013a3.847 3.847 0 1 1 3.847 3.861zm23 0a3.848 3.848 0 1 1 3.848-3.854v.014a3.852 3.852 0 0 1-3.852 3.84zm-.6-15.337H22.876v-6.2h4.644c4.08.003 5.423 3.525 8.219 6.2zm-25.517-3.407a6.044 6.044 0 0 1 5.107-2.79h5.521v6.2H8.037zM3.041 22.6h41.435a3.038 3.038 0 0 1 3.034 3.034l.039 5.421h-5.432a5.864 5.864 0 0 0-11.555 0H19.119a5.864 5.864 0 0 0-11.555 0H6.076a3.038 3.038 0 0 1-3.034-3.034V22.6z\" transform=\"translate(-1.018 -12.355)\"><\/path><\/g><\/g><\/g><\/svg>\t\t\t<\/div>\n\t\t<\/div>\n\t\t\t\t\t\t<\/div>\n\t\t\t\t<\/div>\n\t\t\t\t<div class=\"elementor-element elementor-element-d95ba36 elementor-widget elementor-widget-heading\" data-id=\"d95ba36\" data-element_type=\"widget\" data-widget_type=\"heading.default\">\n\t\t\t\t<div class=\"elementor-widget-container\">\n\t\t\t\t\t<h2 class=\"elementor-heading-title elementor-size-default\">L\u00edderes en PYMEs <br>\nautomotrices<\/h2>\t\t\t\t<\/div>\n\t\t\t\t<\/div>\n\t\t\t\t<div class=\"elementor-element elementor-element-47b925f elementor-widget elementor-widget-text-editor\" data-id=\"47b925f\" data-element_type=\"widget\" data-widget_type=\"text-editor.default\">\n\t\t\t\t<div class=\"elementor-widget-container\">\n\t\t\t\t\t\t\t\t\t<p>Clear desarroll\u00f3 <a href=\"https:\/\/clearmechanic.com\/\"><span style=\"text-decoration: underline;\">ClearMechanic<\/span><\/a>, el <strong>software l\u00edder en Latinoam\u00e9rica<\/strong>, recomendado por las marcas m\u00e1s reconocidas, que inici\u00f3 como un proyecto en <strong>Harvard<\/strong>.<\/p>\t\t\t\t\t\t\t\t<\/div>\n\t\t\t\t<\/div>\n\t\t\t\t\t<\/div>\n\t\t<\/div>\n\t\t\t\t\t<\/div>\n\t\t<\/section>\n\t\t\t\t\t<\/div>\n\t\t<\/div>\n\t\t\t\t\t<\/div>\n\t\t<\/section>\n\t\t\t\t<section class=\"elementor-section elementor-top-section elementor-element elementor-element-4608ecf elementor-section-boxed elementor-section-height-default elementor-section-height-default\" data-id=\"4608ecf\" data-element_type=\"section\">\n\t\t\t\t\t\t<div class=\"elementor-container elementor-column-gap-default\">\n\t\t\t\t\t<div class=\"elementor-column elementor-col-100 elementor-top-column elementor-element elementor-element-7352c4f\" data-id=\"7352c4f\" data-element_type=\"column\">\n\t\t\t<div class=\"elementor-widget-wrap elementor-element-populated\">\n\t\t\t\t\t\t<div class=\"elementor-element elementor-element-fd97bec elementor-hidden-desktop elementor-hidden-tablet elementor-widget elementor-widget-image\" data-id=\"fd97bec\" data-element_type=\"widget\" data-widget_type=\"image.default\">\n\t\t\t\t<div class=\"elementor-widget-container\">\n\t\t\t\t\t\t\t\t\t\t\t\t\t\t\t<img decoding=\"async\" width=\"768\" height=\"541\" src=\"https:\/\/somosclear.com\/wp-content\/uploads\/2021\/07\/Clear-Blog-768x541.jpg\" class=\"attachment-medium_large size-medium_large wp-image-3087\" alt=\"\" srcset=\"https:\/\/somosclear.com\/wp-content\/uploads\/2021\/07\/Clear-Blog-768x541.jpg 768w, https:\/\/somosclear.com\/wp-content\/uploads\/2021\/07\/Clear-Blog-300x212.jpg 300w, https:\/\/somosclear.com\/wp-content\/uploads\/2021\/07\/Clear-Blog.jpg 1000w\" sizes=\"(max-width: 768px) 100vw, 768px\" \/>\t\t\t\t\t\t\t\t\t\t\t\t\t\t\t<\/div>\n\t\t\t\t<\/div>\n\t\t\t\t\t<\/div>\n\t\t<\/div>\n\t\t\t\t\t<\/div>\n\t\t<\/section>\n\t\t\t\t<section class=\"elementor-section elementor-top-section elementor-element elementor-element-9c32cbd elementor-section-boxed elementor-section-height-default elementor-section-height-default\" data-id=\"9c32cbd\" data-element_type=\"section\">\n\t\t\t\t\t\t<div class=\"elementor-container elementor-column-gap-default\">\n\t\t\t\t\t<div class=\"elementor-column elementor-col-100 elementor-top-column elementor-element elementor-element-4810235\" data-id=\"4810235\" data-element_type=\"column\">\n\t\t\t<div class=\"elementor-widget-wrap elementor-element-populated\">\n\t\t\t\t\t\t<div class=\"elementor-element elementor-element-f92f131 elementor-widget elementor-widget-heading\" data-id=\"f92f131\" data-element_type=\"widget\" data-widget_type=\"heading.default\">\n\t\t\t\t<div class=\"elementor-widget-container\">\n\t\t\t\t\t<h4 class=\"elementor-heading-title elementor-size-default\">SOMOS CLEAR<\/h4>\t\t\t\t<\/div>\n\t\t\t\t<\/div>\n\t\t\t\t<div class=\"elementor-element elementor-element-6060f6f elementor-widget elementor-widget-heading\" data-id=\"6060f6f\" data-element_type=\"widget\" data-widget_type=\"heading.default\">\n\t\t\t\t<div class=\"elementor-widget-container\">\n\t\t\t\t\t<h2 class=\"elementor-heading-title elementor-size-default\">Un equipo con valores que nos hacen \u00fanicos<\/h2>\t\t\t\t<\/div>\n\t\t\t\t<\/div>\n\t\t\t\t\t<\/div>\n\t\t<\/div>\n\t\t\t\t\t<\/div>\n\t\t<\/section>\n\t\t\t\t<section class=\"elementor-section elementor-top-section elementor-element elementor-element-209961dc elementor-section-full_width elementor-section-height-min-height elementor-section-height-default elementor-section-items-middle\" data-id=\"209961dc\" data-element_type=\"section\" data-settings=\"{&quot;background_background&quot;:&quot;gradient&quot;}\">\n\t\t\t\t\t\t<div class=\"elementor-container elementor-column-gap-default\">\n\t\t\t\t\t<div class=\"elementor-column elementor-col-100 elementor-top-column elementor-element elementor-element-460b522d\" data-id=\"460b522d\" data-element_type=\"column\" data-settings=\"{&quot;background_background&quot;:&quot;classic&quot;}\">\n\t\t\t<div class=\"elementor-widget-wrap elementor-element-populated\">\n\t\t\t\t\t\t<div class=\"elementor-element elementor-element-73d2b7c6 elementor-widget elementor-widget-heading\" data-id=\"73d2b7c6\" data-element_type=\"widget\" data-widget_type=\"heading.default\">\n\t\t\t\t<div class=\"elementor-widget-container\">\n\t\t\t\t\t<h2 class=\"elementor-heading-title elementor-size-default\">\u00bfTe sientes identificado? \u00danete a nuestro equipo.<\/h2>\t\t\t\t<\/div>\n\t\t\t\t<\/div>\n\t\t\t\t<div class=\"elementor-element elementor-element-1b725fb7 elementor-align-center elementor-widget elementor-widget-button\" data-id=\"1b725fb7\" data-element_type=\"widget\" data-widget_type=\"button.default\">\n\t\t\t\t<div class=\"elementor-widget-container\">\n\t\t\t\t\t\t\t\t\t<div class=\"elementor-button-wrapper\">\n\t\t\t\t\t<a class=\"elementor-button elementor-button-link elementor-size-lg\" href=\"https:\/\/somosclear.com\/ec\/vacantes-en-clear\/\">\n\t\t\t\t\t\t<span class=\"elementor-button-content-wrapper\">\n\t\t\t\t\t\t<span class=\"elementor-button-icon\">\n\t\t\t\t<i aria-hidden=\"true\" class=\"fas fa-arrow-right\"><\/i>\t\t\t<\/span>\n\t\t\t\t\t\t\t\t\t<span class=\"elementor-button-text\">Consulta vacantes<\/span>\n\t\t\t\t\t<\/span>\n\t\t\t\t\t<\/a>\n\t\t\t\t<\/div>\n\t\t\t\t\t\t\t\t<\/div>\n\t\t\t\t<\/div>\n\t\t\t\t\t<\/div>\n\t\t<\/div>\n\t\t\t\t\t<\/div>\n\t\t<\/section>\n\t\t\t\t<\/div>\n\t\t","protected":false},"excerpt":{"rendered":"<p>Ayudamos a crecer a las PYMEs en Latinoam\u00e9rica. Somos un equipo de personas apasionadas por desarrollar tecnolog\u00eda que facilite la operaci\u00f3n diaria de las peque\u00f1as y medianas empresas. Cont\u00e1ctanos Nuestra raz\u00f3n de ser Crear soluciones digitales que permitan a las PYMEs ser tan automatizadas y competitivas como las grandes empresas, manteniendo la flexibilidad y cercan\u00eda [&hellip;]<\/p>\n","protected":false},"author":2,"featured_media":0,"parent":0,"menu_order":0,"comment_status":"closed","ping_status":"closed","template":"","meta":{"_acf_changed":false,"_monsterinsights_skip_tracking":false,"_monsterinsights_sitenote_active":false,"_monsterinsights_sitenote_note":"","_monsterinsights_sitenote_category":0,"footnotes":""},"class_list":["post-5136","page","type-page","status-publish","hentry"],"acf":[],"aioseo_notices":[],"_links":{"self":[{"href":"https:\/\/somosclear.com\/ec\/wp-json\/wp\/v2\/pages\/5136","targetHints":{"allow":["GET"]}}],"collection":[{"href":"https:\/\/somosclear.com\/ec\/wp-json\/wp\/v2\/pages"}],"about":[{"href":"https:\/\/somosclear.com\/ec\/wp-json\/wp\/v2\/types\/page"}],"author":[{"embeddable":true,"href":"https:\/\/somosclear.com\/ec\/wp-json\/wp\/v2\/users\/2"}],"replies":[{"embeddable":true,"href":"https:\/\/somosclear.com\/ec\/wp-json\/wp\/v2\/comments?post=5136"}],"version-history":[{"count":21,"href":"https:\/\/somosclear.com\/ec\/wp-json\/wp\/v2\/pages\/5136\/revisions"}],"predecessor-version":[{"id":20588,"href":"https:\/\/somosclear.com\/ec\/wp-json\/wp\/v2\/pages\/5136\/revisions\/20588"}],"wp:attachment":[{"href":"https:\/\/somosclear.com\/ec\/wp-json\/wp\/v2\/media?parent=5136"}],"curies":[{"name":"wp","href":"https:\/\/api.w.org\/{rel}","templated":true}]}}