{"id":5358,"date":"2021-07-28T06:13:09","date_gmt":"2021-07-28T06:13:09","guid":{"rendered":"https:\/\/somosclear.com\/contacto\/"},"modified":"2021-08-19T14:53:29","modified_gmt":"2021-08-19T19:53:29","slug":"contacto","status":"publish","type":"page","link":"https:\/\/somosclear.com\/ec\/contacto\/","title":{"rendered":"Contacto"},"content":{"rendered":"\t\t<div data-elementor-type=\"wp-page\" data-elementor-id=\"5358\" class=\"elementor elementor-5358 elementor-3803\" data-elementor-post-type=\"page\">\n\t\t\t\t\t\t<section class=\"elementor-section elementor-top-section elementor-element elementor-element-3466d60 elementor-section-full_width elementor-section-height-default elementor-section-height-default\" data-id=\"3466d60\" data-element_type=\"section\" data-settings=\"{&quot;background_background&quot;:&quot;classic&quot;}\">\n\t\t\t\t\t\t<div class=\"elementor-container elementor-column-gap-default\">\n\t\t\t\t\t<div class=\"elementor-column elementor-col-100 elementor-top-column elementor-element elementor-element-778acf8\" data-id=\"778acf8\" data-element_type=\"column\">\n\t\t\t<div class=\"elementor-widget-wrap elementor-element-populated\">\n\t\t\t\t\t\t<div class=\"elementor-element elementor-element-18ca9ab elementor-widget elementor-widget-image\" data-id=\"18ca9ab\" data-element_type=\"widget\" data-widget_type=\"image.default\">\n\t\t\t\t<div class=\"elementor-widget-container\">\n\t\t\t\t\t\t\t\t\t\t\t\t\t\t\t<img fetchpriority=\"high\" decoding=\"async\" width=\"7076\" height=\"2326\" src=\"https:\/\/somosclear.com\/wp-content\/uploads\/2021\/07\/Grupo-5073@3x.png\" class=\"attachment-full size-full wp-image-5396\" alt=\"\" srcset=\"https:\/\/somosclear.com\/wp-content\/uploads\/2021\/07\/Grupo-5073@3x.png 7076w, https:\/\/somosclear.com\/wp-content\/uploads\/2021\/07\/Grupo-5073@3x-300x99.png 300w, https:\/\/somosclear.com\/wp-content\/uploads\/2021\/07\/Grupo-5073@3x-1024x337.png 1024w, https:\/\/somosclear.com\/wp-content\/uploads\/2021\/07\/Grupo-5073@3x-768x252.png 768w, https:\/\/somosclear.com\/wp-content\/uploads\/2021\/07\/Grupo-5073@3x-1536x505.png 1536w, https:\/\/somosclear.com\/wp-content\/uploads\/2021\/07\/Grupo-5073@3x-2048x673.png 2048w\" sizes=\"(max-width: 7076px) 100vw, 7076px\" \/>\t\t\t\t\t\t\t\t\t\t\t\t\t\t\t<\/div>\n\t\t\t\t<\/div>\n\t\t\t\t<section class=\"elementor-section elementor-inner-section elementor-element elementor-element-d5ee817 elementor-section-boxed elementor-section-height-default elementor-section-height-default\" data-id=\"d5ee817\" data-element_type=\"section\">\n\t\t\t\t\t\t<div class=\"elementor-container elementor-column-gap-default\">\n\t\t\t\t\t<div class=\"elementor-column elementor-col-100 elementor-inner-column elementor-element elementor-element-7bb1356\" data-id=\"7bb1356\" data-element_type=\"column\">\n\t\t\t<div class=\"elementor-widget-wrap elementor-element-populated\">\n\t\t\t\t\t\t<div class=\"elementor-element elementor-element-b7c2a43 elementor-widget elementor-widget-heading\" data-id=\"b7c2a43\" data-element_type=\"widget\" data-widget_type=\"heading.default\">\n\t\t\t\t<div class=\"elementor-widget-container\">\n\t\t\t\t\t<h1 class=\"elementor-heading-title elementor-size-default\">Cont\u00e1ctanos<\/h1>\t\t\t\t<\/div>\n\t\t\t\t<\/div>\n\t\t\t\t<div class=\"elementor-element elementor-element-e0b83e5 elementor-widget elementor-widget-text-editor\" data-id=\"e0b83e5\" data-element_type=\"widget\" data-widget_type=\"text-editor.default\">\n\t\t\t\t<div class=\"elementor-widget-container\">\n\t\t\t\t\t\t\t\t\t<p><b>Queremos saber de ti.<\/b> D\u00e9janos tus datos y responderemos tu mensaje a la brevedad posible.<\/p>\t\t\t\t\t\t\t\t<\/div>\n\t\t\t\t<\/div>\n\t\t\t\t\t<\/div>\n\t\t<\/div>\n\t\t\t\t\t<\/div>\n\t\t<\/section>\n\t\t\t\t\t<\/div>\n\t\t<\/div>\n\t\t\t\t\t<\/div>\n\t\t<\/section>\n\t\t\t\t<section class=\"elementor-section elementor-top-section elementor-element elementor-element-be626a9 elementor-section-full_width elementor-section-height-default elementor-section-height-default\" data-id=\"be626a9\" data-element_type=\"section\" data-settings=\"{&quot;background_background&quot;:&quot;classic&quot;}\">\n\t\t\t\t\t\t<div class=\"elementor-container elementor-column-gap-default\">\n\t\t\t\t\t<div class=\"elementor-column elementor-col-100 elementor-top-column elementor-element elementor-element-f8a59c9\" data-id=\"f8a59c9\" data-element_type=\"column\" data-settings=\"{&quot;background_background&quot;:&quot;classic&quot;}\">\n\t\t\t<div class=\"elementor-widget-wrap elementor-element-populated\">\n\t\t\t\t\t\t<div class=\"elementor-element elementor-element-986675b eael-gravity-form-button-custom elementor-widget elementor-widget-eael-gravity-form\" data-id=\"986675b\" data-element_type=\"widget\" data-widget_type=\"eael-gravity-form.default\">\n\t\t\t\t<div class=\"elementor-widget-container\">\n\t\t\t\t\t\t\t\t<div class=\"eael-contact-form eael-gravity-form labels-hide eael-contact-form-align-center\">\n\t\t        \t\t\t<\/div>\n            \t\t\t\t<\/div>\n\t\t\t\t<\/div>\n\t\t\t\t\t<\/div>\n\t\t<\/div>\n\t\t\t\t\t<\/div>\n\t\t<\/section>\n\t\t\t\t<\/div>\n\t\t","protected":false},"excerpt":{"rendered":"<p>Cont\u00e1ctanos Queremos saber de ti. D\u00e9janos tus datos y responderemos tu mensaje a la brevedad posible. Nombre completo(Required) Nombre Apellidos Email(Required) Tel\u00e9fono(Required)Motivo*(Required)MotivoQuiero una demostraci\u00f3nContactar a Recursos HumanosOtroMensaje(Required)Hidden Datos usuario HiddenPa\u00eds (IP)HiddenZona horaria (IP)HiddenCiudad (IP)Hidden Valores predeterminados LEADS HiddenFunnel HiddenEstatus HiddenFormulario HiddenFecha MM slash DD slash YYYY CommentsThis field is for validation purposes and should be [&hellip;]<\/p>\n","protected":false},"author":2,"featured_media":0,"parent":0,"menu_order":0,"comment_status":"closed","ping_status":"closed","template":"","meta":{"_acf_changed":false,"_monsterinsights_skip_tracking":false,"_monsterinsights_sitenote_active":false,"_monsterinsights_sitenote_note":"","_monsterinsights_sitenote_category":0,"footnotes":""},"class_list":["post-5358","page","type-page","status-publish","hentry"],"acf":[],"aioseo_notices":[],"_links":{"self":[{"href":"https:\/\/somosclear.com\/ec\/wp-json\/wp\/v2\/pages\/5358","targetHints":{"allow":["GET"]}}],"collection":[{"href":"https:\/\/somosclear.com\/ec\/wp-json\/wp\/v2\/pages"}],"about":[{"href":"https:\/\/somosclear.com\/ec\/wp-json\/wp\/v2\/types\/page"}],"author":[{"embeddable":true,"href":"https:\/\/somosclear.com\/ec\/wp-json\/wp\/v2\/users\/2"}],"replies":[{"embeddable":true,"href":"https:\/\/somosclear.com\/ec\/wp-json\/wp\/v2\/comments?post=5358"}],"version-history":[{"count":0,"href":"https:\/\/somosclear.com\/ec\/wp-json\/wp\/v2\/pages\/5358\/revisions"}],"wp:attachment":[{"href":"https:\/\/somosclear.com\/ec\/wp-json\/wp\/v2\/media?parent=5358"}],"curies":[{"name":"wp","href":"https:\/\/api.w.org\/{rel}","templated":true}]}}