{"id":18685,"date":"2023-11-09T15:00:50","date_gmt":"2023-11-09T21:00:50","guid":{"rendered":"https:\/\/somosclear.com\/solicitud-de-eliminacion-de-cuenta-exitosa\/"},"modified":"2023-11-17T14:05:42","modified_gmt":"2023-11-17T20:05:42","slug":"solicitud-de-eliminacion-de-cuenta-exitosa","status":"publish","type":"page","link":"https:\/\/somosclear.com\/pe\/solicitud-de-eliminacion-de-cuenta-exitosa\/","title":{"rendered":"Solicitud de eliminacion de cuenta Exitosa"},"content":{"rendered":"\t\t<div data-elementor-type=\"wp-page\" data-elementor-id=\"18685\" class=\"elementor elementor-18685 elementor-18391\" data-elementor-post-type=\"page\">\n\t\t\t\t\t\t<section class=\"elementor-section elementor-top-section elementor-element elementor-element-356880e0 elementor-section-full_width elementor-section-height-default elementor-section-height-default\" data-id=\"356880e0\" data-element_type=\"section\" data-settings=\"{&quot;background_background&quot;:&quot;classic&quot;}\">\n\t\t\t\t\t\t<div class=\"elementor-container elementor-column-gap-default\">\n\t\t\t\t\t<div class=\"elementor-column elementor-col-100 elementor-top-column elementor-element elementor-element-3164566b\" data-id=\"3164566b\" data-element_type=\"column\">\n\t\t\t<div class=\"elementor-widget-wrap elementor-element-populated\">\n\t\t\t\t\t\t<div class=\"elementor-element elementor-element-2400293e elementor-widget elementor-widget-image\" data-id=\"2400293e\" data-element_type=\"widget\" data-widget_type=\"image.default\">\n\t\t\t\t<div class=\"elementor-widget-container\">\n\t\t\t\t\t\t\t\t\t\t\t\t\t\t\t<img fetchpriority=\"high\" decoding=\"async\" width=\"7076\" height=\"2326\" src=\"https:\/\/somosclear.com\/wp-content\/uploads\/2021\/07\/Grupo-5073@3x.png\" class=\"attachment-full size-full wp-image-5412\" alt=\"\" srcset=\"https:\/\/somosclear.com\/wp-content\/uploads\/2021\/07\/Grupo-5073@3x.png 7076w, https:\/\/somosclear.com\/wp-content\/uploads\/2021\/07\/Grupo-5073@3x-300x99.png 300w, https:\/\/somosclear.com\/wp-content\/uploads\/2021\/07\/Grupo-5073@3x-1024x337.png 1024w, https:\/\/somosclear.com\/wp-content\/uploads\/2021\/07\/Grupo-5073@3x-768x252.png 768w, https:\/\/somosclear.com\/wp-content\/uploads\/2021\/07\/Grupo-5073@3x-1536x505.png 1536w, https:\/\/somosclear.com\/wp-content\/uploads\/2021\/07\/Grupo-5073@3x-2048x673.png 2048w\" sizes=\"(max-width: 7076px) 100vw, 7076px\" \/>\t\t\t\t\t\t\t\t\t\t\t\t\t\t\t<\/div>\n\t\t\t\t<\/div>\n\t\t\t\t<section class=\"elementor-section elementor-inner-section elementor-element elementor-element-76071a98 elementor-section-boxed elementor-section-height-default elementor-section-height-default\" data-id=\"76071a98\" data-element_type=\"section\">\n\t\t\t\t\t\t<div class=\"elementor-container elementor-column-gap-default\">\n\t\t\t\t\t<div class=\"elementor-column elementor-col-100 elementor-inner-column elementor-element elementor-element-19cf3425\" data-id=\"19cf3425\" data-element_type=\"column\">\n\t\t\t<div class=\"elementor-widget-wrap elementor-element-populated\">\n\t\t\t\t\t\t<div class=\"elementor-element elementor-element-1da2974b elementor-widget elementor-widget-heading\" data-id=\"1da2974b\" data-element_type=\"widget\" data-widget_type=\"heading.default\">\n\t\t\t\t<div class=\"elementor-widget-container\">\n\t\t\t\t\t<h1 class=\"elementor-heading-title elementor-size-default\">Solicitar eliminaci\u00f3n \npermanente de cuenta<\/h1>\t\t\t\t<\/div>\n\t\t\t\t<\/div>\n\t\t\t\t\t<\/div>\n\t\t<\/div>\n\t\t\t\t\t<\/div>\n\t\t<\/section>\n\t\t\t\t\t<\/div>\n\t\t<\/div>\n\t\t\t\t\t<\/div>\n\t\t<\/section>\n\t\t<div class=\"elementor-element elementor-element-0ec65f7 e-flex e-con-boxed e-con e-parent\" data-id=\"0ec65f7\" data-element_type=\"container\">\n\t\t\t\t\t<div class=\"e-con-inner\">\n\t\t<div class=\"elementor-element elementor-element-3428e72 e-flex e-con-boxed e-con e-child\" data-id=\"3428e72\" data-element_type=\"container\" data-settings=\"{&quot;background_background&quot;:&quot;classic&quot;}\">\n\t\t\t\t\t<div class=\"e-con-inner\">\n\t\t<div class=\"elementor-element elementor-element-7692550 e-flex e-con-boxed e-con e-child\" data-id=\"7692550\" data-element_type=\"container\" data-settings=\"{&quot;background_background&quot;:&quot;classic&quot;}\">\n\t\t\t\t\t<div class=\"e-con-inner\">\n\t\t\t\t<div class=\"elementor-element elementor-element-238c783 elementor-widget elementor-widget-image\" data-id=\"238c783\" data-element_type=\"widget\" data-widget_type=\"image.default\">\n\t\t\t\t<div class=\"elementor-widget-container\">\n\t\t\t\t\t\t\t\t\t\t\t\t\t\t\t<img decoding=\"async\" width=\"181\" height=\"180\" src=\"https:\/\/somosclear.com\/wp-content\/uploads\/2023\/11\/Group-465.png\" class=\"attachment-full size-full wp-image-18533\" alt=\"\" \/>\t\t\t\t\t\t\t\t\t\t\t\t\t\t\t<\/div>\n\t\t\t\t<\/div>\n\t\t\t\t<div class=\"elementor-element elementor-element-9f324cb elementor-widget elementor-widget-text-editor\" data-id=\"9f324cb\" data-element_type=\"widget\" data-widget_type=\"text-editor.default\">\n\t\t\t\t<div class=\"elementor-widget-container\">\n\t\t\t\t\t\t\t\t\t<p><strong>Clear<\/strong><br \/>Agradece tu tiempo<\/p>\t\t\t\t\t\t\t\t<\/div>\n\t\t\t\t<\/div>\n\t\t\t\t<div class=\"elementor-element elementor-element-c8ddc56 elementor-widget-divider--view-line elementor-widget elementor-widget-divider\" data-id=\"c8ddc56\" data-element_type=\"widget\" data-widget_type=\"divider.default\">\n\t\t\t\t<div class=\"elementor-widget-container\">\n\t\t\t\t\t\t\t<div class=\"elementor-divider\">\n\t\t\t<span class=\"elementor-divider-separator\">\n\t\t\t\t\t\t<\/span>\n\t\t<\/div>\n\t\t\t\t\t\t<\/div>\n\t\t\t\t<\/div>\n\t\t\t\t<div class=\"elementor-element elementor-element-69cedc1 elementor-widget elementor-widget-text-editor\" data-id=\"69cedc1\" data-element_type=\"widget\" data-widget_type=\"text-editor.default\">\n\t\t\t\t<div class=\"elementor-widget-container\">\n\t\t\t\t\t\t\t\t\t<p><span style=\"color: #6462f3;\"><strong>Su solicitud de eliminaci\u00f3n de cuenta ha sido recibida exitosamente.<\/strong><\/span> <br \/><span style=\"color: #6462f3;\">Un miembro de nuestro equipo se pondr\u00e1 en contacto con usted en un plazo de 2 d\u00edas h\u00e1biles para confirmar la eliminaci\u00f3n de su cuenta.<\/span><\/p>\t\t\t\t\t\t\t\t<\/div>\n\t\t\t\t<\/div>\n\t\t\t\t<div class=\"elementor-element elementor-element-aa83ed4 elementor-widget elementor-widget-image\" data-id=\"aa83ed4\" data-element_type=\"widget\" data-widget_type=\"image.default\">\n\t\t\t\t<div class=\"elementor-widget-container\">\n\t\t\t\t\t\t\t\t\t\t\t\t\t\t\t<img decoding=\"async\" width=\"316\" height=\"433\" src=\"https:\/\/somosclear.com\/wp-content\/uploads\/2023\/11\/Confirmacion-de-envio.png\" class=\"attachment-large size-large wp-image-18423\" alt=\"\" \/>\t\t\t\t\t\t\t\t\t\t\t\t\t\t\t<\/div>\n\t\t\t\t<\/div>\n\t\t\t\t<div class=\"elementor-element elementor-element-ebebe8a elementor-widget elementor-widget-spacer\" data-id=\"ebebe8a\" data-element_type=\"widget\" data-widget_type=\"spacer.default\">\n\t\t\t\t<div class=\"elementor-widget-container\">\n\t\t\t\t\t\t\t<div class=\"elementor-spacer\">\n\t\t\t<div class=\"elementor-spacer-inner\"><\/div>\n\t\t<\/div>\n\t\t\t\t\t\t<\/div>\n\t\t\t\t<\/div>\n\t\t\t\t\t<\/div>\n\t\t\t\t<\/div>\n\t\t\t\t\t<\/div>\n\t\t\t\t<\/div>\n\t\t\t\t\t<\/div>\n\t\t\t\t<\/div>\n\t\t\t\t<\/div>\n\t\t","protected":false},"excerpt":{"rendered":"<p>Solicitar eliminaci\u00f3n permanente de cuenta ClearAgradece tu tiempo Su solicitud de eliminaci\u00f3n de cuenta ha sido recibida exitosamente. Un miembro de nuestro equipo se pondr\u00e1 en contacto con usted en un plazo de 2 d\u00edas h\u00e1biles para confirmar la eliminaci\u00f3n de su cuenta.<\/p>\n","protected":false},"author":13,"featured_media":0,"parent":0,"menu_order":0,"comment_status":"closed","ping_status":"closed","template":"elementor_header_footer","meta":{"_acf_changed":false,"_monsterinsights_skip_tracking":false,"_monsterinsights_sitenote_active":false,"_monsterinsights_sitenote_note":"","_monsterinsights_sitenote_category":0,"footnotes":""},"class_list":["post-18685","page","type-page","status-publish","hentry"],"acf":[],"aioseo_notices":[],"_links":{"self":[{"href":"https:\/\/somosclear.com\/pe\/wp-json\/wp\/v2\/pages\/18685","targetHints":{"allow":["GET"]}}],"collection":[{"href":"https:\/\/somosclear.com\/pe\/wp-json\/wp\/v2\/pages"}],"about":[{"href":"https:\/\/somosclear.com\/pe\/wp-json\/wp\/v2\/types\/page"}],"author":[{"embeddable":true,"href":"https:\/\/somosclear.com\/pe\/wp-json\/wp\/v2\/users\/13"}],"replies":[{"embeddable":true,"href":"https:\/\/somosclear.com\/pe\/wp-json\/wp\/v2\/comments?post=18685"}],"version-history":[{"count":0,"href":"https:\/\/somosclear.com\/pe\/wp-json\/wp\/v2\/pages\/18685\/revisions"}],"wp:attachment":[{"href":"https:\/\/somosclear.com\/pe\/wp-json\/wp\/v2\/media?parent=18685"}],"curies":[{"name":"wp","href":"https:\/\/api.w.org\/{rel}","templated":true}]}}